{"id":40,"date":"2024-11-04T15:30:31","date_gmt":"2024-11-04T18:30:31","guid":{"rendered":"https:\/\/departamentos.uel.br\/ciencia-da-informacao\/?page_id=40"},"modified":"2024-11-04T15:39:46","modified_gmt":"2024-11-04T18:39:46","slug":"sobre-o-departamento","status":"publish","type":"page","link":"https:\/\/departamentos.uel.br\/ciencia-da-informacao\/sobre-o-departamento\/","title":{"rendered":"Sobre o Departamento"},"content":{"rendered":"\n<p>Em 1974, o ent\u00e3o Centro de Comunica\u00e7\u00e3o e Artes era composto por dois departamentos: o de Biblioteconomia e o de Comunica\u00e7\u00e3o e Artes. <\/p>\n\n\n\n<p>No final de 1977, o Centro de Comunica\u00e7\u00e3o e Artes integrou o curso de Pedagogia e passou a ser denominado Centro de Educa\u00e7\u00e3o, Comunica\u00e7\u00e3o e Artes (CECA), nomenclatura que permanece at\u00e9 os dias atuais.<\/p>\n\n\n\n<p>Em conson\u00e2ncia com as evolu\u00e7\u00f5es da Biblioteconomia como campo de estudo e de atua\u00e7\u00e3o profissional, em maio de 1997, o ent\u00e3o Departamento de Biblioteconomia passa a ser oficialmente denominado Departamento de Ci\u00eancias da Informa\u00e7\u00e3o por meio do parecer 124\/97 emitido pelo Conselho Estadual de Educa\u00e7\u00e3o. <\/p>\n\n\n\n<p>Em fevereiro do ano seguinte o CIN passou a ofertar tamb\u00e9m o curso de Arquivologia em parceria com o Departamento de Hist\u00f3ria.<\/p>\n\n\n\n<p>Em meados dos anos 2000, acompanhando a nomenclatura utilizada por outras universidades e a consolida\u00e7\u00e3o da \u00e1rea, o CIN passou a utilizar o nome por extenso e em sua vers\u00e3o singular: Ci\u00eancia da Informa\u00e7\u00e3o. <\/p>\n\n\n\n<p>A partir da atualiza\u00e7\u00e3o curricular de 2010, o curso de Arquivologia passou a ser de responsabilidade exclusiva do CIN. Em 2014, boa parte das disciplinas da primeira e da segunda s\u00e9ries dos cursos de Arquivologia e de Biblioteconomia passaram a ser ofertadas conjuntamente, de modo a promover uma melhor integra\u00e7\u00e3o entre os cursos nas searas em que eles se assemelham.<\/p>\n","protected":false},"excerpt":{"rendered":"<p>Em 1974, o ent\u00e3o Centro de Comunica\u00e7\u00e3o e Artes era composto por dois departamentos: o de Biblioteconomia e o de Comunica\u00e7\u00e3o e Artes. No final de 1977, o Centro de Comunica\u00e7\u00e3o e Artes integrou o curso de Pedagogia e passou a ser denominado Centro de Educa\u00e7\u00e3o, Comunica\u00e7\u00e3o e Artes (CECA), nomenclatura que permanece at\u00e9 os [&hellip;]<\/p>\n","protected":false},"author":6,"featured_media":0,"parent":0,"menu_order":0,"comment_status":"closed","ping_status":"closed","template":"","meta":{"_acf_changed":false,"_themeisle_gutenberg_block_has_review":false,"footnotes":""},"class_list":["post-40","page","type-page","status-publish","hentry"],"acf":[],"_links":{"self":[{"href":"https:\/\/departamentos.uel.br\/ciencia-da-informacao\/wp-json\/wp\/v2\/pages\/40","targetHints":{"allow":["GET"]}}],"collection":[{"href":"https:\/\/departamentos.uel.br\/ciencia-da-informacao\/wp-json\/wp\/v2\/pages"}],"about":[{"href":"https:\/\/departamentos.uel.br\/ciencia-da-informacao\/wp-json\/wp\/v2\/types\/page"}],"author":[{"embeddable":true,"href":"https:\/\/departamentos.uel.br\/ciencia-da-informacao\/wp-json\/wp\/v2\/users\/6"}],"replies":[{"embeddable":true,"href":"https:\/\/departamentos.uel.br\/ciencia-da-informacao\/wp-json\/wp\/v2\/comments?post=40"}],"version-history":[{"count":3,"href":"https:\/\/departamentos.uel.br\/ciencia-da-informacao\/wp-json\/wp\/v2\/pages\/40\/revisions"}],"predecessor-version":[{"id":56,"href":"https:\/\/departamentos.uel.br\/ciencia-da-informacao\/wp-json\/wp\/v2\/pages\/40\/revisions\/56"}],"wp:attachment":[{"href":"https:\/\/departamentos.uel.br\/ciencia-da-informacao\/wp-json\/wp\/v2\/media?parent=40"}],"curies":[{"name":"wp","href":"https:\/\/api.w.org\/{rel}","templated":true}]}}