{"id":36,"date":"2024-11-04T15:26:15","date_gmt":"2024-11-04T18:26:15","guid":{"rendered":"https:\/\/departamentos.uel.br\/ciencia-da-informacao\/?page_id=36"},"modified":"2026-03-03T14:44:22","modified_gmt":"2026-03-03T17:44:22","slug":"eventos","status":"publish","type":"page","link":"https:\/\/departamentos.uel.br\/ciencia-da-informacao\/eventos\/","title":{"rendered":"Eventos"},"content":{"rendered":"\n<p><strong>2025<\/strong><\/p>\n\n\n\n<div id=\"wp-block-themeisle-blocks-accordion-928e6baf\" class=\"wp-block-themeisle-blocks-accordion exclusive\">\n<details class=\"wp-block-themeisle-blocks-accordion-item\"><summary class=\"wp-block-themeisle-blocks-accordion-item__title\"><div><strong>XXV SEMANA ACAD\u00caMICA EM CI\u00caNCIA DA INFORMA\u00c7\u00c3O<\/strong><br><strong>Per\u00edodo de Realiza\u00e7\u00e3o:<\/strong> 08 e 09 de Dezembro<br>Promovida pelo Departamento de Ci\u00eancia da Informa\u00e7\u00e3o (CECA) da UEL<\/div><\/summary><div class=\"wp-block-themeisle-blocks-accordion-item__content\">\n<p><strong>Per\u00edodo de Inscri\u00e7\u00e3o:<\/strong><br>27\/11\/2025 00:00 a 08\/12\/2025 17:00<\/p>\n\n\n\n<p><strong>Objetivo:<\/strong> O objetivo do evento \u00e9 viabilizar e promover a participa\u00e7\u00e3o na defesa p\u00fablica dos trabalhos de conclus\u00e3o de curso (TCC) dos cursos de Arquivologia e Biblioteconomia, do Departamento de Ci\u00eancia da Informa\u00e7\u00e3o da Universidade Estadual de Londrina.<\/p>\n\n\n\n<div class=\"wp-block-buttons is-content-justification-center is-layout-flex wp-container-core-buttons-is-layout-16018d1d wp-block-buttons-is-layout-flex\">\n<div class=\"wp-block-button has-custom-width wp-block-button__width-50\"><a class=\"wp-block-button__link has-cinza-claro-color has-verde-escuro-background-color has-text-color has-background has-link-color wp-element-button\" href=\"https:\/\/www.sistemasweb.uel.br\/index.php?contents=system\/insc\/index.php&amp;pagina=view\/inscricoes\/seleciona_evento.php&amp;cod_evento=11492\">Inscri\u00e7\u00f5es<\/a><\/div>\n<\/div>\n<\/div><\/details>\n<\/div>\n\n\n\n<div id=\"wp-block-themeisle-blocks-accordion-ee82c7e5\" class=\"wp-block-themeisle-blocks-accordion exclusive\">\n<details class=\"wp-block-themeisle-blocks-accordion-item\"><summary class=\"wp-block-themeisle-blocks-accordion-item__title\"><div><strong>XXIV SEMANA ACAD\u00caMICA EM CI\u00caNCIA DA INFORMA\u00c7\u00c3O<\/strong><br><strong>Per\u00edodo<\/strong>: 17, 18 e 19 de Fevereiro<br>Promovida pelo Departamento de Ci\u00eancia da Informa\u00e7\u00e3o (CECA) da UEL<\/div><\/summary><div class=\"wp-block-themeisle-blocks-accordion-item__content\">\n<p><strong>Objetivo:<\/strong> O principal objetivo da semana acad\u00eamica do departamento de Ci\u00eancia da Informa\u00e7\u00e3o da UEL \u00e9 proporcionar uma plataforma para a apresenta\u00e7\u00e3o e defesa dos Trabalhos de Conclus\u00e3o de Curso (TCCs) dos alunos dos cursos de Biblioteconomia e Arquivologia. Este evento visa n\u00e3o apenas avaliar o desempenho acad\u00eamico dos alunos, mas tamb\u00e9m oferecer uma oportunidade para que eles demonstrem as compet\u00eancias e conhecimentos adquiridos ao longo de sua forma\u00e7\u00e3o. Ao abrir as defesas para o p\u00fablico em geral, o evento busca enriquecer o processo educativo com diferentes perspectivas e feedbacks, al\u00e9m de promover a integra\u00e7\u00e3o entre a universidade e a comunidade. Isso permite que os estudantes ganhem experi\u00eancia em apresentar seus trabalhos em um contexto mais amplo e diversificado, preparando-os para desafios profissionais futuros. Outro objetivo \u00e9 fomentar a troca de conhecimentos e experi\u00eancias entre os estudantes, professores, profissionais da \u00e1rea e o p\u00fablico interessado, estimulando a discuss\u00e3o acad\u00eamica e o desenvolvimento cont\u00ednuo da \u00e1rea de Ci\u00eancia da Informa\u00e7\u00e3o. Por fim, a semana acad\u00eamica tamb\u00e9m pretende aumentar a visibilidade dos programas de Biblioteconomia e Arquivologia, destacando a import\u00e2ncia e a relev\u00e2ncia dessas \u00e1reas no gerenciamento e na preserva\u00e7\u00e3o do conhecimento em diferentes contextos.<\/p>\n\n\n\n<div class=\"wp-block-buttons is-content-justification-center is-layout-flex wp-container-core-buttons-is-layout-16018d1d wp-block-buttons-is-layout-flex\">\n<div class=\"wp-block-button has-custom-width wp-block-button__width-50\"><a class=\"wp-block-button__link has-cinza-claro-color has-verde-escuro-background-color has-text-color has-background has-link-color wp-element-button\" href=\"http:\/\/www.uel.br\/eventos\/sigec\/?id=10122\">Inscri\u00e7\u00f5es<\/a><\/div>\n<\/div>\n<\/div><\/details>\n<\/div>\n\n\n\n<p class=\"has-medium-font-size\"><strong>2024<\/strong><\/p>\n\n\n\n<div id=\"wp-block-themeisle-blocks-accordion-bbcf2f0c\" class=\"wp-block-themeisle-blocks-accordion exclusive\">\n<details class=\"wp-block-themeisle-blocks-accordion-item\"><summary class=\"wp-block-themeisle-blocks-accordion-item__title\"><div><strong>XXIII SEMANA ACAD\u00caMICA EM CI\u00caNCIA DA INFORMA\u00c7\u00c3O<\/strong><br><strong>Per\u00edodo<\/strong>: 22, 23 e 24 de Maio<br>Promovida pelo Departamento de Ci\u00eancia da Informa\u00e7\u00e3o (CECA) da UEL<\/div><\/summary><div class=\"wp-block-themeisle-blocks-accordion-item__content\"><div class=\"wp-block-image\">\n<figure class=\"aligncenter size-full is-resized\"><img loading=\"lazy\" decoding=\"async\" width=\"507\" height=\"507\" src=\"https:\/\/departamentos.uel.br\/ciencia-da-informacao\/wp-content\/uploads\/2024\/11\/semana.png\" alt=\"\" class=\"wp-image-89\" style=\"width:312px;height:auto\" srcset=\"https:\/\/departamentos.uel.br\/ciencia-da-informacao\/wp-content\/uploads\/2024\/11\/semana.png 507w, https:\/\/departamentos.uel.br\/ciencia-da-informacao\/wp-content\/uploads\/2024\/11\/semana-300x300.png 300w, https:\/\/departamentos.uel.br\/ciencia-da-informacao\/wp-content\/uploads\/2024\/11\/semana-150x150.png 150w\" sizes=\"auto, (max-width: 507px) 100vw, 507px\" \/><\/figure>\n<\/div><\/div><\/details>\n<\/div>\n","protected":false},"excerpt":{"rendered":"<p>2025 2024<\/p>\n","protected":false},"author":6,"featured_media":0,"parent":0,"menu_order":0,"comment_status":"closed","ping_status":"closed","template":"","meta":{"_acf_changed":false,"_themeisle_gutenberg_block_has_review":false,"footnotes":""},"class_list":["post-36","page","type-page","status-publish","hentry"],"acf":[],"_links":{"self":[{"href":"https:\/\/departamentos.uel.br\/ciencia-da-informacao\/wp-json\/wp\/v2\/pages\/36","targetHints":{"allow":["GET"]}}],"collection":[{"href":"https:\/\/departamentos.uel.br\/ciencia-da-informacao\/wp-json\/wp\/v2\/pages"}],"about":[{"href":"https:\/\/departamentos.uel.br\/ciencia-da-informacao\/wp-json\/wp\/v2\/types\/page"}],"author":[{"embeddable":true,"href":"https:\/\/departamentos.uel.br\/ciencia-da-informacao\/wp-json\/wp\/v2\/users\/6"}],"replies":[{"embeddable":true,"href":"https:\/\/departamentos.uel.br\/ciencia-da-informacao\/wp-json\/wp\/v2\/comments?post=36"}],"version-history":[{"count":8,"href":"https:\/\/departamentos.uel.br\/ciencia-da-informacao\/wp-json\/wp\/v2\/pages\/36\/revisions"}],"predecessor-version":[{"id":151,"href":"https:\/\/departamentos.uel.br\/ciencia-da-informacao\/wp-json\/wp\/v2\/pages\/36\/revisions\/151"}],"wp:attachment":[{"href":"https:\/\/departamentos.uel.br\/ciencia-da-informacao\/wp-json\/wp\/v2\/media?parent=36"}],"curies":[{"name":"wp","href":"https:\/\/api.w.org\/{rel}","templated":true}]}}