{"id":34,"date":"2024-11-04T15:26:02","date_gmt":"2024-11-04T18:26:02","guid":{"rendered":"https:\/\/departamentos.uel.br\/ciencia-da-informacao\/?page_id=34"},"modified":"2024-11-04T16:45:50","modified_gmt":"2024-11-04T19:45:50","slug":"infraestrutura","status":"publish","type":"page","link":"https:\/\/departamentos.uel.br\/ciencia-da-informacao\/infraestrutura\/","title":{"rendered":"Infraestrutura"},"content":{"rendered":"\n<p>O Departamento de Ci\u00eancia da Informa\u00e7\u00e3o da UEL faz parte da estrutura administrativa e f\u00edsica do Centro de Educa\u00e7\u00e3o, Comunica\u00e7\u00e3o e Artes (CECA).<\/p>\n\n\n\n<iframe src=\"https:\/\/www.google.com\/maps\/embed?pb=!1m18!1m12!1m3!1d3663.7576721667497!2d-51.209252524834106!3d-23.324549452934548!2m3!1f0!2f0!3f0!3m2!1i1024!2i768!4f13.1!3m3!1m2!1s0x94eb5b6208ef086f%3A0x42cd5db8af81d8ad!2sDepartamento%20de%20Ci%C3%AAncia%20da%20Informa%C3%A7%C3%A3o!5e0!3m2!1spt-BR!2sbr!4v1730749511820!5m2!1spt-BR!2sbr\" width=\"1000\" height=\"600\" style=\"border:0;\" allowfullscreen=\"\" loading=\"lazy\" referrerpolicy=\"no-referrer-when-downgrade\"><\/iframe>\n","protected":false},"excerpt":{"rendered":"<p>O Departamento de Ci\u00eancia da Informa\u00e7\u00e3o da UEL faz parte da estrutura administrativa e f\u00edsica do Centro de Educa\u00e7\u00e3o, Comunica\u00e7\u00e3o e Artes (CECA).<\/p>\n","protected":false},"author":6,"featured_media":0,"parent":0,"menu_order":0,"comment_status":"closed","ping_status":"closed","template":"","meta":{"_acf_changed":false,"_themeisle_gutenberg_block_has_review":false,"footnotes":""},"class_list":["post-34","page","type-page","status-publish","hentry"],"acf":[],"_links":{"self":[{"href":"https:\/\/departamentos.uel.br\/ciencia-da-informacao\/wp-json\/wp\/v2\/pages\/34","targetHints":{"allow":["GET"]}}],"collection":[{"href":"https:\/\/departamentos.uel.br\/ciencia-da-informacao\/wp-json\/wp\/v2\/pages"}],"about":[{"href":"https:\/\/departamentos.uel.br\/ciencia-da-informacao\/wp-json\/wp\/v2\/types\/page"}],"author":[{"embeddable":true,"href":"https:\/\/departamentos.uel.br\/ciencia-da-informacao\/wp-json\/wp\/v2\/users\/6"}],"replies":[{"embeddable":true,"href":"https:\/\/departamentos.uel.br\/ciencia-da-informacao\/wp-json\/wp\/v2\/comments?post=34"}],"version-history":[{"count":3,"href":"https:\/\/departamentos.uel.br\/ciencia-da-informacao\/wp-json\/wp\/v2\/pages\/34\/revisions"}],"predecessor-version":[{"id":66,"href":"https:\/\/departamentos.uel.br\/ciencia-da-informacao\/wp-json\/wp\/v2\/pages\/34\/revisions\/66"}],"wp:attachment":[{"href":"https:\/\/departamentos.uel.br\/ciencia-da-informacao\/wp-json\/wp\/v2\/media?parent=34"}],"curies":[{"name":"wp","href":"https:\/\/api.w.org\/{rel}","templated":true}]}}