{"id":48,"date":"2024-09-13T16:19:00","date_gmt":"2024-09-13T19:19:00","guid":{"rendered":"https:\/\/departamentos.uel.br\/bioquimica-e-biotecnologia\/?page_id=48"},"modified":"2024-09-16T09:51:50","modified_gmt":"2024-09-16T12:51:50","slug":"corpo-tecnico","status":"publish","type":"page","link":"https:\/\/departamentos.uel.br\/bioquimica-e-biotecnologia\/corpo-tecnico\/","title":{"rendered":"Corpo T\u00e9cnico"},"content":{"rendered":"\n<p><strong>T\u00e9cnico em Assuntos Universit\u00e1rios (TAU)<\/strong><br>S\u00e9rgio do Nascimento Evangelista<br>sergione@uel.br<\/p>\n\n\n\n<p><strong>T\u00e9cnicos de Laborat\u00f3rios<\/strong><br>Labs. de Pesquisa I e II; Fermenta\u00e7\u00e3o; HPLC<br>Nelson Janeiro Rodrigues (Pesquisa e P\u00f3s-Gradua\u00e7\u00e3o)<br>janeiro@uel.br<\/p>\n\n\n\n<p><strong>Lab. de Ensino II (LBP)<\/strong><br>Rosemeire Santos Souza (Ensino de Gradua\u00e7\u00e3o)<br>rosess@uel.br<\/p>\n\n\n\n<p><\/p>\n\n\n\n<p><\/p>\n\n\n\n<p><\/p>\n","protected":false},"excerpt":{"rendered":"<p>T\u00e9cnico em Assuntos Universit\u00e1rios (TAU)S\u00e9rgio do Nascimento Evangelistasergione@uel.br T\u00e9cnicos de Laborat\u00f3riosLabs. de Pesquisa I e II; Fermenta\u00e7\u00e3o; HPLCNelson Janeiro Rodrigues (Pesquisa e P\u00f3s-Gradua\u00e7\u00e3o)janeiro@uel.br Lab. de Ensino II (LBP)Rosemeire Santos Souza (Ensino de Gradua\u00e7\u00e3o)rosess@uel.br<\/p>\n","protected":false},"author":6,"featured_media":0,"parent":0,"menu_order":0,"comment_status":"closed","ping_status":"closed","template":"","meta":{"_acf_changed":false,"_themeisle_gutenberg_block_has_review":false,"footnotes":""},"class_list":["post-48","page","type-page","status-publish","hentry"],"acf":[],"_links":{"self":[{"href":"https:\/\/departamentos.uel.br\/bioquimica-e-biotecnologia\/wp-json\/wp\/v2\/pages\/48","targetHints":{"allow":["GET"]}}],"collection":[{"href":"https:\/\/departamentos.uel.br\/bioquimica-e-biotecnologia\/wp-json\/wp\/v2\/pages"}],"about":[{"href":"https:\/\/departamentos.uel.br\/bioquimica-e-biotecnologia\/wp-json\/wp\/v2\/types\/page"}],"author":[{"embeddable":true,"href":"https:\/\/departamentos.uel.br\/bioquimica-e-biotecnologia\/wp-json\/wp\/v2\/users\/6"}],"replies":[{"embeddable":true,"href":"https:\/\/departamentos.uel.br\/bioquimica-e-biotecnologia\/wp-json\/wp\/v2\/comments?post=48"}],"version-history":[{"count":4,"href":"https:\/\/departamentos.uel.br\/bioquimica-e-biotecnologia\/wp-json\/wp\/v2\/pages\/48\/revisions"}],"predecessor-version":[{"id":78,"href":"https:\/\/departamentos.uel.br\/bioquimica-e-biotecnologia\/wp-json\/wp\/v2\/pages\/48\/revisions\/78"}],"wp:attachment":[{"href":"https:\/\/departamentos.uel.br\/bioquimica-e-biotecnologia\/wp-json\/wp\/v2\/media?parent=48"}],"curies":[{"name":"wp","href":"https:\/\/api.w.org\/{rel}","templated":true}]}}