{"id":42,"date":"2024-09-13T16:17:25","date_gmt":"2024-09-13T19:17:25","guid":{"rendered":"https:\/\/departamentos.uel.br\/bioquimica-e-biotecnologia\/?page_id=42"},"modified":"2024-09-13T16:35:10","modified_gmt":"2024-09-13T19:35:10","slug":"sobre-o-departamento","status":"publish","type":"page","link":"https:\/\/departamentos.uel.br\/bioquimica-e-biotecnologia\/sobre-o-departamento\/","title":{"rendered":"Sobre o Departamento"},"content":{"rendered":"\n<p>O Departamento de Bioqu\u00edmica foi criado no dia 27 de novembro de 1991. A partir de fevereiro de 2004, passou a denominar-se Departamento de Bioqu\u00edmica e Biotecnologia.\u00a0<\/p>\n\n\n\n<p>O Departamento de Bioqu\u00edmica e Biotecnologia da Universidade Estadual de Londrina oferece o curso de Especializa\u00e7\u00e3o em Biotecnologia. O curso tem como o objetivo de incentivar e desenvolver o conhecimento de Biotecnologia referente ao uso de microrganismos na obten\u00e7\u00e3o de produtos de interesse industrial, na bioconvers\u00e3o de produtos e sub-produtos da agroind\u00fastria e na despolui\u00e7\u00e3o ambiental, bem como transmitir a metodologia bioqu\u00edmica para estimular a pesquisa e desenvolvimento cient\u00edfico.<\/p>\n","protected":false},"excerpt":{"rendered":"<p>O Departamento de Bioqu\u00edmica foi criado no dia 27 de novembro de 1991. A partir de fevereiro de 2004, passou a denominar-se Departamento de Bioqu\u00edmica e Biotecnologia.\u00a0 O Departamento de Bioqu\u00edmica e Biotecnologia da Universidade Estadual de Londrina oferece o curso de Especializa\u00e7\u00e3o em Biotecnologia. O curso tem como o objetivo de incentivar e desenvolver [&hellip;]<\/p>\n","protected":false},"author":6,"featured_media":0,"parent":0,"menu_order":0,"comment_status":"closed","ping_status":"closed","template":"","meta":{"_acf_changed":false,"_themeisle_gutenberg_block_has_review":false,"footnotes":""},"class_list":["post-42","page","type-page","status-publish","hentry"],"acf":[],"_links":{"self":[{"href":"https:\/\/departamentos.uel.br\/bioquimica-e-biotecnologia\/wp-json\/wp\/v2\/pages\/42","targetHints":{"allow":["GET"]}}],"collection":[{"href":"https:\/\/departamentos.uel.br\/bioquimica-e-biotecnologia\/wp-json\/wp\/v2\/pages"}],"about":[{"href":"https:\/\/departamentos.uel.br\/bioquimica-e-biotecnologia\/wp-json\/wp\/v2\/types\/page"}],"author":[{"embeddable":true,"href":"https:\/\/departamentos.uel.br\/bioquimica-e-biotecnologia\/wp-json\/wp\/v2\/users\/6"}],"replies":[{"embeddable":true,"href":"https:\/\/departamentos.uel.br\/bioquimica-e-biotecnologia\/wp-json\/wp\/v2\/comments?post=42"}],"version-history":[{"count":5,"href":"https:\/\/departamentos.uel.br\/bioquimica-e-biotecnologia\/wp-json\/wp\/v2\/pages\/42\/revisions"}],"predecessor-version":[{"id":56,"href":"https:\/\/departamentos.uel.br\/bioquimica-e-biotecnologia\/wp-json\/wp\/v2\/pages\/42\/revisions\/56"}],"wp:attachment":[{"href":"https:\/\/departamentos.uel.br\/bioquimica-e-biotecnologia\/wp-json\/wp\/v2\/media?parent=42"}],"curies":[{"name":"wp","href":"https:\/\/api.w.org\/{rel}","templated":true}]}}