{"id":36,"date":"2024-11-05T11:45:14","date_gmt":"2024-11-05T14:45:14","guid":{"rendered":"https:\/\/departamentos.uel.br\/biologia-geral\/?page_id=36"},"modified":"2024-11-05T13:27:17","modified_gmt":"2024-11-05T16:27:17","slug":"sobre-o-departamento","status":"publish","type":"page","link":"https:\/\/departamentos.uel.br\/biologia-geral\/sobre-o-departamento\/","title":{"rendered":"Sobre o Departamento"},"content":{"rendered":"\n<p>O Departamento de Biologia Geral concentra as \u00e1reas de Biologia Celular, Embriologia, Gen\u00e9tica e Metodologia do Ensino de Ci\u00eancias e Biologia, atendendo cursos de gradua\u00e7\u00e3o e p\u00f3s gradua\u00e7\u00e3o da Universidade Estadual de Londrina, bem como de outras Institui\u00e7\u00f5es.<\/p>\n\n\n\n<p>Al\u00e9m disso, o seu corpo docente desenvolve atividades de ensino, pesquisa e extens\u00e3o, cumprindo com o seu papel para a forma\u00e7\u00e3o profissional da nossa comunidade.<\/p>\n\n\n\n<p>Nossa miss\u00e3o \u00e9 proporcionar uma forma\u00e7\u00e3o s\u00f3lida e abrangente, fundamentada no compromisso com o desenvolvimento sustent\u00e1vel. A oferta de disciplinas te\u00f3ricas e pr\u00e1ticas e programas de pesquisa, garantem uma forma\u00e7\u00e3o acad\u00eamica completa para nossos estudantes, integrando responsabilidade social e ambiental.<\/p>\n\n\n\n<p><\/p>\n","protected":false},"excerpt":{"rendered":"<p>O Departamento de Biologia Geral concentra as \u00e1reas de Biologia Celular, Embriologia, Gen\u00e9tica e Metodologia do Ensino de Ci\u00eancias e Biologia, atendendo cursos de gradua\u00e7\u00e3o e p\u00f3s gradua\u00e7\u00e3o da Universidade Estadual de Londrina, bem como de outras Institui\u00e7\u00f5es. Al\u00e9m disso, o seu corpo docente desenvolve atividades de ensino, pesquisa e extens\u00e3o, cumprindo com o seu [&hellip;]<\/p>\n","protected":false},"author":6,"featured_media":0,"parent":0,"menu_order":0,"comment_status":"closed","ping_status":"closed","template":"","meta":{"_acf_changed":false,"_themeisle_gutenberg_block_has_review":false,"footnotes":""},"class_list":["post-36","page","type-page","status-publish","hentry"],"acf":[],"_links":{"self":[{"href":"https:\/\/departamentos.uel.br\/biologia-geral\/wp-json\/wp\/v2\/pages\/36","targetHints":{"allow":["GET"]}}],"collection":[{"href":"https:\/\/departamentos.uel.br\/biologia-geral\/wp-json\/wp\/v2\/pages"}],"about":[{"href":"https:\/\/departamentos.uel.br\/biologia-geral\/wp-json\/wp\/v2\/types\/page"}],"author":[{"embeddable":true,"href":"https:\/\/departamentos.uel.br\/biologia-geral\/wp-json\/wp\/v2\/users\/6"}],"replies":[{"embeddable":true,"href":"https:\/\/departamentos.uel.br\/biologia-geral\/wp-json\/wp\/v2\/comments?post=36"}],"version-history":[{"count":3,"href":"https:\/\/departamentos.uel.br\/biologia-geral\/wp-json\/wp\/v2\/pages\/36\/revisions"}],"predecessor-version":[{"id":53,"href":"https:\/\/departamentos.uel.br\/biologia-geral\/wp-json\/wp\/v2\/pages\/36\/revisions\/53"}],"wp:attachment":[{"href":"https:\/\/departamentos.uel.br\/biologia-geral\/wp-json\/wp\/v2\/media?parent=36"}],"curies":[{"name":"wp","href":"https:\/\/api.w.org\/{rel}","templated":true}]}}