{"id":37,"date":"2024-11-05T09:15:20","date_gmt":"2024-11-05T12:15:20","guid":{"rendered":"https:\/\/departamentos.uel.br\/biologia-animal-e-vegetal\/?page_id=37"},"modified":"2024-11-05T09:52:26","modified_gmt":"2024-11-05T12:52:26","slug":"sobre-o-departamento","status":"publish","type":"page","link":"https:\/\/departamentos.uel.br\/biologia-animal-e-vegetal\/sobre-o-departamento\/","title":{"rendered":"Sobre o Departamento"},"content":{"rendered":"\n<p>Nossa miss\u00e3o \u00e9 formar profissionais e pesquisadores de alto n\u00edvel, preparados para enfrentar os desafios da conserva\u00e7\u00e3o da biodiversidade, do uso sustent\u00e1vel dos recursos naturais e do desenvolvimento de inova\u00e7\u00f5es cient\u00edficas.<\/p>\n\n\n\n<p>Com uma equipe de professores e pesquisadores qualificados, o departamento oferece uma forma\u00e7\u00e3o ampla e integrada, abrangendo \u00e1reas fundamentais como ecologia, evolu\u00e7\u00e3o, fisiologia, gen\u00e9tica, bot\u00e2nica e zoologia. <\/p>\n\n\n\n<p>Por meio de cursos de gradua\u00e7\u00e3o e p\u00f3s-gradua\u00e7\u00e3o, bem como projetos de pesquisa, ensino e extens\u00e3o, proporcionamos um ambiente estimulante para o desenvolvimento acad\u00eamico e cient\u00edfico, promovendo a descoberta e a aplica\u00e7\u00e3o do conhecimento sobre a vida animal e vegetal.<\/p>\n\n\n\n<p>Nossos laborat\u00f3rios, possibilitam estudos de campo. Al\u00e9m disso, o departamento mant\u00e9m colabora\u00e7\u00f5es com outras institui\u00e7\u00f5es de pesquisa, ampliando as oportunidades de nossos estudantes para o aprendizado pr\u00e1tico.<\/p>\n\n\n\n<p>O Departamento de Biologia Animal e Vegetal convida estudantes e pesquisadores a se juntarem a n\u00f3s nessa jornada de compreens\u00e3o e preserva\u00e7\u00e3o da biodiversidade, contribuindo para um futuro mais sustent\u00e1vel e para o avan\u00e7o do conhecimento biol\u00f3gico.<\/p>\n","protected":false},"excerpt":{"rendered":"<p>Nossa miss\u00e3o \u00e9 formar profissionais e pesquisadores de alto n\u00edvel, preparados para enfrentar os desafios da conserva\u00e7\u00e3o da biodiversidade, do uso sustent\u00e1vel dos recursos naturais e do desenvolvimento de inova\u00e7\u00f5es cient\u00edficas. Com uma equipe de professores e pesquisadores qualificados, o departamento oferece uma forma\u00e7\u00e3o ampla e integrada, abrangendo \u00e1reas fundamentais como ecologia, evolu\u00e7\u00e3o, fisiologia, gen\u00e9tica, [&hellip;]<\/p>\n","protected":false},"author":6,"featured_media":0,"parent":0,"menu_order":0,"comment_status":"closed","ping_status":"closed","template":"","meta":{"_acf_changed":false,"_themeisle_gutenberg_block_has_review":false,"footnotes":""},"class_list":["post-37","page","type-page","status-publish","hentry"],"acf":[],"_links":{"self":[{"href":"https:\/\/departamentos.uel.br\/biologia-animal-e-vegetal\/wp-json\/wp\/v2\/pages\/37","targetHints":{"allow":["GET"]}}],"collection":[{"href":"https:\/\/departamentos.uel.br\/biologia-animal-e-vegetal\/wp-json\/wp\/v2\/pages"}],"about":[{"href":"https:\/\/departamentos.uel.br\/biologia-animal-e-vegetal\/wp-json\/wp\/v2\/types\/page"}],"author":[{"embeddable":true,"href":"https:\/\/departamentos.uel.br\/biologia-animal-e-vegetal\/wp-json\/wp\/v2\/users\/6"}],"replies":[{"embeddable":true,"href":"https:\/\/departamentos.uel.br\/biologia-animal-e-vegetal\/wp-json\/wp\/v2\/comments?post=37"}],"version-history":[{"count":3,"href":"https:\/\/departamentos.uel.br\/biologia-animal-e-vegetal\/wp-json\/wp\/v2\/pages\/37\/revisions"}],"predecessor-version":[{"id":57,"href":"https:\/\/departamentos.uel.br\/biologia-animal-e-vegetal\/wp-json\/wp\/v2\/pages\/37\/revisions\/57"}],"wp:attachment":[{"href":"https:\/\/departamentos.uel.br\/biologia-animal-e-vegetal\/wp-json\/wp\/v2\/media?parent=37"}],"curies":[{"name":"wp","href":"https:\/\/api.w.org\/{rel}","templated":true}]}}