{"id":36,"date":"2024-10-31T15:38:31","date_gmt":"2024-10-31T18:38:31","guid":{"rendered":"https:\/\/departamentos.uel.br\/arte-visual\/?page_id=36"},"modified":"2024-10-31T15:45:28","modified_gmt":"2024-10-31T18:45:28","slug":"sobre-o-departamento","status":"publish","type":"page","link":"https:\/\/departamentos.uel.br\/arte-visual\/sobre-o-departamento\/","title":{"rendered":"Sobre o Departamento"},"content":{"rendered":"\n<p>O Departamento de Arte Visual da UEL \u00e9 um espa\u00e7o din\u00e2mico dedicado ao estudo, \u00e0 pr\u00e1tica e \u00e0 valoriza\u00e7\u00e3o das artes visuais. O Departamento proporciona uma forma\u00e7\u00e3o s\u00f3lida em diversas linguagens art\u00edsticas, incluindo pintura, escultura, desenho, fotografia, v\u00eddeo, arte digital e instala\u00e7\u00e3o.<\/p>\n\n\n\n<p>Nosso objetivo \u00e9 desenvolver o potencial criativo dos alunos, estimulando a experimenta\u00e7\u00e3o e a reflex\u00e3o cr\u00edtica sobre a produ\u00e7\u00e3o art\u00edstica contempor\u00e2nea e hist\u00f3rica. Atrav\u00e9s de um ambiente colaborativo e interdisciplinar, promovemos o interc\u00e2mbio de ideias entre arte, ci\u00eancia, tecnologia e sociedade, capacitando nossos estudantes a atuar com protagonismo nos variados contextos da arte.<\/p>\n\n\n\n<p>O Departamento oferece programas de gradua\u00e7\u00e3o e p\u00f3s-gradua\u00e7\u00e3o, assim como atividades de extens\u00e3o voltadas \u00e0 comunidade, como exposi\u00e7\u00f5es, palestras e workshops. Esses eventos s\u00e3o planejados para expandir o conhecimento art\u00edstico e criar um espa\u00e7o de di\u00e1logo aberto com o p\u00fablico, refor\u00e7ando o papel da arte como um agente transformador na sociedade.<\/p>\n\n\n\n<p>Seja para construir uma carreira art\u00edstica, atuar na educa\u00e7\u00e3o, oferecemos uma forma\u00e7\u00e3o que habilita nossos estudantes a navegar e a transformar o cen\u00e1rio das artes visuais.<\/p>\n","protected":false},"excerpt":{"rendered":"<p>O Departamento de Arte Visual da UEL \u00e9 um espa\u00e7o din\u00e2mico dedicado ao estudo, \u00e0 pr\u00e1tica e \u00e0 valoriza\u00e7\u00e3o das artes visuais. O Departamento proporciona uma forma\u00e7\u00e3o s\u00f3lida em diversas linguagens art\u00edsticas, incluindo pintura, escultura, desenho, fotografia, v\u00eddeo, arte digital e instala\u00e7\u00e3o. Nosso objetivo \u00e9 desenvolver o potencial criativo dos alunos, estimulando a experimenta\u00e7\u00e3o e [&hellip;]<\/p>\n","protected":false},"author":6,"featured_media":0,"parent":0,"menu_order":0,"comment_status":"closed","ping_status":"closed","template":"","meta":{"_acf_changed":false,"_themeisle_gutenberg_block_has_review":false,"footnotes":""},"class_list":["post-36","page","type-page","status-publish","hentry"],"acf":[],"_links":{"self":[{"href":"https:\/\/departamentos.uel.br\/arte-visual\/wp-json\/wp\/v2\/pages\/36","targetHints":{"allow":["GET"]}}],"collection":[{"href":"https:\/\/departamentos.uel.br\/arte-visual\/wp-json\/wp\/v2\/pages"}],"about":[{"href":"https:\/\/departamentos.uel.br\/arte-visual\/wp-json\/wp\/v2\/types\/page"}],"author":[{"embeddable":true,"href":"https:\/\/departamentos.uel.br\/arte-visual\/wp-json\/wp\/v2\/users\/6"}],"replies":[{"embeddable":true,"href":"https:\/\/departamentos.uel.br\/arte-visual\/wp-json\/wp\/v2\/comments?post=36"}],"version-history":[{"count":4,"href":"https:\/\/departamentos.uel.br\/arte-visual\/wp-json\/wp\/v2\/pages\/36\/revisions"}],"predecessor-version":[{"id":54,"href":"https:\/\/departamentos.uel.br\/arte-visual\/wp-json\/wp\/v2\/pages\/36\/revisions\/54"}],"wp:attachment":[{"href":"https:\/\/departamentos.uel.br\/arte-visual\/wp-json\/wp\/v2\/media?parent=36"}],"curies":[{"name":"wp","href":"https:\/\/api.w.org\/{rel}","templated":true}]}}