{"id":32,"date":"2024-10-31T15:37:26","date_gmt":"2024-10-31T18:37:26","guid":{"rendered":"https:\/\/departamentos.uel.br\/arte-visual\/?page_id=32"},"modified":"2024-11-01T14:27:23","modified_gmt":"2024-11-01T17:27:23","slug":"eventos","status":"publish","type":"page","link":"https:\/\/departamentos.uel.br\/arte-visual\/eventos\/","title":{"rendered":"Eventos"},"content":{"rendered":"\n<p class=\"has-medium-font-size\"><strong>2024<\/strong><\/p>\n\n\n\n<div id=\"wp-block-themeisle-blocks-accordion-6bc87204\" class=\"wp-block-themeisle-blocks-accordion exclusive\">\n<details class=\"wp-block-themeisle-blocks-accordion-item\"><summary class=\"wp-block-themeisle-blocks-accordion-item__title\"><div><strong>CRIA\u00c7\u00c3O DA IDENTIDADE VISUAL DO VESTIBULAR 2025<\/strong><br>H\u00e1 21 anos os cartazes, bem como toda arte utilizada na divulga\u00e7\u00e3o do Vestibular, s\u00e3o de responsabilidade dos estudantes do 3\u00ba ano do curso de Design Gr\u00e1fico da UEL, uma parceria estabelecida entre a Coordenadoria de Processos Seletivos (Cops) com o Departamento e o Colegiado do curso.<\/div><\/summary><div class=\"wp-block-themeisle-blocks-accordion-item__content\"><div class=\"wp-block-image\">\n<figure class=\"aligncenter size-full is-resized\"><img loading=\"lazy\" decoding=\"async\" width=\"509\" height=\"359\" src=\"https:\/\/departamentos.uel.br\/arte-visual\/wp-content\/uploads\/2024\/11\/ARTE.png\" alt=\"\" class=\"wp-image-87\" style=\"width:417px;height:auto\" srcset=\"https:\/\/departamentos.uel.br\/arte-visual\/wp-content\/uploads\/2024\/11\/ARTE.png 509w, https:\/\/departamentos.uel.br\/arte-visual\/wp-content\/uploads\/2024\/11\/ARTE-300x212.png 300w\" sizes=\"auto, (max-width: 509px) 100vw, 509px\" \/><\/figure>\n<\/div><\/div><\/details>\n<\/div>\n","protected":false},"excerpt":{"rendered":"<p>2024<\/p>\n","protected":false},"author":6,"featured_media":0,"parent":0,"menu_order":0,"comment_status":"closed","ping_status":"closed","template":"","meta":{"_acf_changed":false,"_themeisle_gutenberg_block_has_review":false,"footnotes":""},"class_list":["post-32","page","type-page","status-publish","hentry"],"acf":[],"_links":{"self":[{"href":"https:\/\/departamentos.uel.br\/arte-visual\/wp-json\/wp\/v2\/pages\/32","targetHints":{"allow":["GET"]}}],"collection":[{"href":"https:\/\/departamentos.uel.br\/arte-visual\/wp-json\/wp\/v2\/pages"}],"about":[{"href":"https:\/\/departamentos.uel.br\/arte-visual\/wp-json\/wp\/v2\/types\/page"}],"author":[{"embeddable":true,"href":"https:\/\/departamentos.uel.br\/arte-visual\/wp-json\/wp\/v2\/users\/6"}],"replies":[{"embeddable":true,"href":"https:\/\/departamentos.uel.br\/arte-visual\/wp-json\/wp\/v2\/comments?post=32"}],"version-history":[{"count":3,"href":"https:\/\/departamentos.uel.br\/arte-visual\/wp-json\/wp\/v2\/pages\/32\/revisions"}],"predecessor-version":[{"id":88,"href":"https:\/\/departamentos.uel.br\/arte-visual\/wp-json\/wp\/v2\/pages\/32\/revisions\/88"}],"wp:attachment":[{"href":"https:\/\/departamentos.uel.br\/arte-visual\/wp-json\/wp\/v2\/media?parent=32"}],"curies":[{"name":"wp","href":"https:\/\/api.w.org\/{rel}","templated":true}]}}