{"id":85,"date":"2024-01-30T15:44:42","date_gmt":"2024-01-30T18:44:42","guid":{"rendered":"https:\/\/departamentos.uel.br\/anatomia\/?page_id=85"},"modified":"2024-01-30T16:03:47","modified_gmt":"2024-01-30T19:03:47","slug":"especializacao","status":"publish","type":"page","link":"https:\/\/departamentos.uel.br\/anatomia\/especializacao\/","title":{"rendered":"Especializa\u00e7\u00e3o"},"content":{"rendered":"\n<p>A P\u00f3s-Gradua\u00e7\u00e3o Lato-Sensu em Neuroci\u00eancias da UEL visa capacitar profissionais de n\u00edvel superior na \u00e1rea de neuroci\u00eancias, fornecendo conhecimentos de neurobiologia, neurologia e neuroengenharia. <\/p>\n\n\n\n<div class=\"wp-block-buttons has-custom-font-size has-medium-font-size is-content-justification-center is-nowrap is-layout-flex wp-container-core-buttons-is-layout-1fb9aab6 wp-block-buttons-is-layout-flex\">\n<div class=\"wp-block-button has-custom-width wp-block-button__width-50 is-style-fill\"><a class=\"wp-block-button__link has-cinza-claro-color has-verde-escuro-background-color has-text-color has-background has-link-color has-text-align-center wp-element-button\" href=\"https:\/\/pos.uel.br\/neurociencias\/\"><strong>Informa\u00e7\u00f5es e inscri\u00e7\u00f5es clique aqui<\/strong><\/a><\/div>\n<\/div>\n","protected":false},"excerpt":{"rendered":"<p>A P\u00f3s-Gradua\u00e7\u00e3o Lato-Sensu em Neuroci\u00eancias da UEL visa capacitar profissionais de n\u00edvel superior na \u00e1rea de neuroci\u00eancias, fornecendo conhecimentos de neurobiologia, neurologia e neuroengenharia.<\/p>\n","protected":false},"author":6,"featured_media":0,"parent":0,"menu_order":0,"comment_status":"closed","ping_status":"closed","template":"","meta":{"_acf_changed":false,"_themeisle_gutenberg_block_has_review":false,"footnotes":""},"class_list":["post-85","page","type-page","status-publish","hentry"],"acf":[],"_links":{"self":[{"href":"https:\/\/departamentos.uel.br\/anatomia\/wp-json\/wp\/v2\/pages\/85","targetHints":{"allow":["GET"]}}],"collection":[{"href":"https:\/\/departamentos.uel.br\/anatomia\/wp-json\/wp\/v2\/pages"}],"about":[{"href":"https:\/\/departamentos.uel.br\/anatomia\/wp-json\/wp\/v2\/types\/page"}],"author":[{"embeddable":true,"href":"https:\/\/departamentos.uel.br\/anatomia\/wp-json\/wp\/v2\/users\/6"}],"replies":[{"embeddable":true,"href":"https:\/\/departamentos.uel.br\/anatomia\/wp-json\/wp\/v2\/comments?post=85"}],"version-history":[{"count":8,"href":"https:\/\/departamentos.uel.br\/anatomia\/wp-json\/wp\/v2\/pages\/85\/revisions"}],"predecessor-version":[{"id":101,"href":"https:\/\/departamentos.uel.br\/anatomia\/wp-json\/wp\/v2\/pages\/85\/revisions\/101"}],"wp:attachment":[{"href":"https:\/\/departamentos.uel.br\/anatomia\/wp-json\/wp\/v2\/media?parent=85"}],"curies":[{"name":"wp","href":"https:\/\/api.w.org\/{rel}","templated":true}]}}