{"id":68,"date":"2024-01-30T11:49:23","date_gmt":"2024-01-30T14:49:23","guid":{"rendered":"https:\/\/departamentos.uel.br\/anatomia\/?page_id=68"},"modified":"2025-06-28T11:19:42","modified_gmt":"2025-06-28T14:19:42","slug":"graduacao","status":"publish","type":"page","link":"https:\/\/departamentos.uel.br\/anatomia\/graduacao\/","title":{"rendered":"Gradua\u00e7\u00e3o"},"content":{"rendered":"\n<p>Cursos oferecidos na Gradua\u00e7\u00e3o UEL que possuem parceria com o <strong>Departamento de Anatomia<\/strong>:<\/p>\n\n\n\n<ul class=\"wp-block-list\">\n<li><a href=\"http:\/\/graduacao.uel.br\/biomedicina\">Curso de Biomedicina<\/a><\/li>\n\n\n\n<li><a href=\"https:\/\/graduacao.uel.br\/ciencias-biologicas\/\">Curso de Ci\u00eancias Biol\u00f3gicas<\/a><\/li>\n\n\n\n<li><a href=\"https:\/\/graduacao.uel.br\/educacao-fisica\/\">Curso de Educa\u00e7\u00e3o F\u00edsica<\/a><\/li>\n\n\n\n<li><a href=\"https:\/\/graduacao.uel.br\/engenharia-eletrica\/\">Curso de Engenharia El\u00e9trica<\/a><\/li>\n\n\n\n<li><a href=\"https:\/\/graduacao.uel.br\/enfermagem\/\">Curso de Enfermagem<\/a><\/li>\n\n\n\n<li><a href=\"http:\/\/graduacao.uel.br\/farmacia\">Curso de Farm\u00e1cia<\/a><\/li>\n\n\n\n<li><a href=\"http:\/\/graduacao.uel.br\/fisioterapia\">Curso de Fisioterapia<\/a><\/li>\n\n\n\n<li><a href=\"http:\/\/graduacao.uel.br\/medicina\">Curso de Medicina<\/a><\/li>\n\n\n\n<li><a href=\"http:\/\/graduacao.uel.br\/medicina-veterinaria\">Curso de Medicina Veterin\u00e1ria<\/a><\/li>\n\n\n\n<li><a href=\"http:\/\/graduacao.uel.br\/nutricao\">Curso de Nutri\u00e7\u00e3o<\/a><\/li>\n\n\n\n<li><a href=\"http:\/\/graduacao.uel.br\/odontologia\">Curso de Odontologia<\/a><\/li>\n\n\n\n<li><a href=\"http:\/\/graduacao.uel.br\/psicologia\">Curso de Psicologia<\/a><\/li>\n\n\n\n<li><a href=\"http:\/\/graduacao.uel.br\/zootecnia\">Curso de Zootecnia<\/a><\/li>\n<\/ul>\n","protected":false},"excerpt":{"rendered":"<p>Cursos oferecidos na Gradua\u00e7\u00e3o UEL que possuem parceria com o Departamento de Anatomia:<\/p>\n","protected":false},"author":6,"featured_media":0,"parent":0,"menu_order":0,"comment_status":"closed","ping_status":"closed","template":"","meta":{"_acf_changed":false,"_themeisle_gutenberg_block_has_review":false,"footnotes":""},"class_list":["post-68","page","type-page","status-publish","hentry"],"acf":[],"_links":{"self":[{"href":"https:\/\/departamentos.uel.br\/anatomia\/wp-json\/wp\/v2\/pages\/68","targetHints":{"allow":["GET"]}}],"collection":[{"href":"https:\/\/departamentos.uel.br\/anatomia\/wp-json\/wp\/v2\/pages"}],"about":[{"href":"https:\/\/departamentos.uel.br\/anatomia\/wp-json\/wp\/v2\/types\/page"}],"author":[{"embeddable":true,"href":"https:\/\/departamentos.uel.br\/anatomia\/wp-json\/wp\/v2\/users\/6"}],"replies":[{"embeddable":true,"href":"https:\/\/departamentos.uel.br\/anatomia\/wp-json\/wp\/v2\/comments?post=68"}],"version-history":[{"count":12,"href":"https:\/\/departamentos.uel.br\/anatomia\/wp-json\/wp\/v2\/pages\/68\/revisions"}],"predecessor-version":[{"id":560,"href":"https:\/\/departamentos.uel.br\/anatomia\/wp-json\/wp\/v2\/pages\/68\/revisions\/560"}],"wp:attachment":[{"href":"https:\/\/departamentos.uel.br\/anatomia\/wp-json\/wp\/v2\/media?parent=68"}],"curies":[{"name":"wp","href":"https:\/\/api.w.org\/{rel}","templated":true}]}}