{"id":448,"date":"2024-03-08T16:52:19","date_gmt":"2024-03-08T19:52:19","guid":{"rendered":"https:\/\/departamentos.uel.br\/anatomia\/?page_id=448"},"modified":"2024-10-17T15:41:17","modified_gmt":"2024-10-17T18:41:17","slug":"projetos-ext","status":"publish","type":"page","link":"https:\/\/departamentos.uel.br\/anatomia\/projetos-ext\/","title":{"rendered":"Projetos"},"content":{"rendered":"\n<div id=\"wp-block-themeisle-blocks-accordion-55e000e5\" class=\"wp-block-themeisle-blocks-accordion exclusive\">\n<details class=\"wp-block-themeisle-blocks-accordion-item\"><summary class=\"wp-block-themeisle-blocks-accordion-item__title\"><div>Programa do Museu Did\u00e1tico Professor Carlos da Costa Branco de Atendimento \u00e0 Sociedade: Museu de Anatomia da UEL<\/div><\/summary><div class=\"wp-block-themeisle-blocks-accordion-item__content\">\n<p>Coordena\u00e7\u00e3o: Prof. <a href=\"llmartins@uel.br\">Leandro Luis Martins<\/a> <\/p>\n<\/div><\/details>\n\n\n\n<details class=\"wp-block-themeisle-blocks-accordion-item\"><summary class=\"wp-block-themeisle-blocks-accordion-item__title\"><div>Orienta\u00e7\u00e3o e Cess\u00e3o de Pe\u00e7as Anat\u00f4micas do Departamento de Anatomia para Professores do Ensino M\u00e9dio e Fundamental<\/div><\/summary><div class=\"wp-block-themeisle-blocks-accordion-item__content\">\n<p>Coordena\u00e7\u00e3o: Profa. <a href=\"celiafornaziero@uel.br\">C\u00e9lia Cristina Fornaziero<\/a> <\/p>\n<\/div><\/details>\n\n\n\n<details class=\"wp-block-themeisle-blocks-accordion-item\"><summary class=\"wp-block-themeisle-blocks-accordion-item__title\"><div>Implementa\u00e7\u00e3o de Tecnologias Assistivas Manuais na Associa\u00e7\u00e3o Fl\u00e1via Cristina (Londrina-PR)<\/div><\/summary><div class=\"wp-block-themeisle-blocks-accordion-item__content\">\n<p>Coordena\u00e7\u00e3o: Prof. <a href=\"ekrueger@uel.br\" data-type=\"link\" data-id=\"ekrueger@uel.br\">Eddy Krueger<\/a><\/p>\n<\/div><\/details>\n<\/div>\n","protected":false},"excerpt":{"rendered":"","protected":false},"author":9,"featured_media":0,"parent":0,"menu_order":0,"comment_status":"closed","ping_status":"closed","template":"","meta":{"_acf_changed":false,"_themeisle_gutenberg_block_has_review":false,"footnotes":""},"class_list":["post-448","page","type-page","status-publish","hentry"],"acf":[],"_links":{"self":[{"href":"https:\/\/departamentos.uel.br\/anatomia\/wp-json\/wp\/v2\/pages\/448","targetHints":{"allow":["GET"]}}],"collection":[{"href":"https:\/\/departamentos.uel.br\/anatomia\/wp-json\/wp\/v2\/pages"}],"about":[{"href":"https:\/\/departamentos.uel.br\/anatomia\/wp-json\/wp\/v2\/types\/page"}],"author":[{"embeddable":true,"href":"https:\/\/departamentos.uel.br\/anatomia\/wp-json\/wp\/v2\/users\/9"}],"replies":[{"embeddable":true,"href":"https:\/\/departamentos.uel.br\/anatomia\/wp-json\/wp\/v2\/comments?post=448"}],"version-history":[{"count":4,"href":"https:\/\/departamentos.uel.br\/anatomia\/wp-json\/wp\/v2\/pages\/448\/revisions"}],"predecessor-version":[{"id":493,"href":"https:\/\/departamentos.uel.br\/anatomia\/wp-json\/wp\/v2\/pages\/448\/revisions\/493"}],"wp:attachment":[{"href":"https:\/\/departamentos.uel.br\/anatomia\/wp-json\/wp\/v2\/media?parent=448"}],"curies":[{"name":"wp","href":"https:\/\/api.w.org\/{rel}","templated":true}]}}