{"id":441,"date":"2024-03-08T16:49:13","date_gmt":"2024-03-08T19:49:13","guid":{"rendered":"https:\/\/departamentos.uel.br\/anatomia\/?page_id=441"},"modified":"2024-03-08T17:22:00","modified_gmt":"2024-03-08T20:22:00","slug":"projetos","status":"publish","type":"page","link":"https:\/\/departamentos.uel.br\/anatomia\/projetos\/","title":{"rendered":"Projetos"},"content":{"rendered":"\n<div id=\"wp-block-themeisle-blocks-accordion-5d8ed89f\" class=\"wp-block-themeisle-blocks-accordion exclusive\">\n<details class=\"wp-block-themeisle-blocks-accordion-item\"><summary class=\"wp-block-themeisle-blocks-accordion-item__title\"><div>Avalia\u00e7\u00e3o de Varia\u00e7\u00e3o Anat\u00f4mica do Aparelho Locomotor Inter- e Intra-Espec\u00edfica no Acervo de Anatomia Animal e Humana da Universidade Estadual de Londrina<\/div><\/summary><div class=\"wp-block-themeisle-blocks-accordion-item__content\">\n<p>Coordena\u00e7\u00e3o: Profa. <a href=\"marna@uel.br\">Marna Eliana Sakalem<\/a><\/p>\n<\/div><\/details>\n\n\n\n<details class=\"wp-block-themeisle-blocks-accordion-item\"><summary class=\"wp-block-themeisle-blocks-accordion-item__title\"><div>Avalia\u00e7\u00e3o Ortopantomogr\u00e1fica das Angula\u00e7\u00f5es dos Incisivos Inferiores Com e Sem a Presen\u00e7a dos Terceiros Molares<\/div><\/summary><div class=\"wp-block-themeisle-blocks-accordion-item__content\">\n<p>Coordena\u00e7\u00e3o: Prof. <a href=\"rodrigosella@uel.br\">Rodrigo Castellazzi Sella<\/a><\/p>\n<\/div><\/details>\n<\/div>\n","protected":false},"excerpt":{"rendered":"","protected":false},"author":9,"featured_media":0,"parent":0,"menu_order":0,"comment_status":"closed","ping_status":"closed","template":"","meta":{"_acf_changed":false,"_themeisle_gutenberg_block_has_review":false,"footnotes":""},"class_list":["post-441","page","type-page","status-publish","hentry"],"acf":[],"_links":{"self":[{"href":"https:\/\/departamentos.uel.br\/anatomia\/wp-json\/wp\/v2\/pages\/441","targetHints":{"allow":["GET"]}}],"collection":[{"href":"https:\/\/departamentos.uel.br\/anatomia\/wp-json\/wp\/v2\/pages"}],"about":[{"href":"https:\/\/departamentos.uel.br\/anatomia\/wp-json\/wp\/v2\/types\/page"}],"author":[{"embeddable":true,"href":"https:\/\/departamentos.uel.br\/anatomia\/wp-json\/wp\/v2\/users\/9"}],"replies":[{"embeddable":true,"href":"https:\/\/departamentos.uel.br\/anatomia\/wp-json\/wp\/v2\/comments?post=441"}],"version-history":[{"count":3,"href":"https:\/\/departamentos.uel.br\/anatomia\/wp-json\/wp\/v2\/pages\/441\/revisions"}],"predecessor-version":[{"id":456,"href":"https:\/\/departamentos.uel.br\/anatomia\/wp-json\/wp\/v2\/pages\/441\/revisions\/456"}],"wp:attachment":[{"href":"https:\/\/departamentos.uel.br\/anatomia\/wp-json\/wp\/v2\/media?parent=441"}],"curies":[{"name":"wp","href":"https:\/\/api.w.org\/{rel}","templated":true}]}}