{"id":425,"date":"2024-03-07T09:54:24","date_gmt":"2024-03-07T12:54:24","guid":{"rendered":"https:\/\/departamentos.uel.br\/anatomia\/?page_id=425"},"modified":"2026-03-05T15:47:29","modified_gmt":"2026-03-05T18:47:29","slug":"corpo-tecnico","status":"publish","type":"page","link":"https:\/\/departamentos.uel.br\/anatomia\/corpo-tecnico\/","title":{"rendered":"Corpo t\u00e9cnico"},"content":{"rendered":"\n<figure class=\"wp-block-table is-style-stripes has-small-font-size\"><table><tbody><tr><td><strong>Nome<\/strong><\/td><td><strong>e-mail<\/strong><\/td><td><strong>Lattes<\/strong><\/td><\/tr><tr><td>Agnaldo Nascimento Teixeira<\/td><td>agteixeira@uel.br<\/td><td>   _<\/td><\/tr><tr><td>Alysson Lincoln Barboza<\/td><td>alysson.lincoln@uel.br<\/td><td>   _<\/td><\/tr><tr><td>Max Villanders Santos<\/td><td>mvillanders@uel.br<\/td><td><a href=\"http:\/\/lattes.cnpq.br\/0035187315565526\" target=\"_blank\" rel=\"noreferrer noopener\">LINK<\/a><\/td><\/tr><tr><td>Rosiley Ferreira Borges<\/td><td>&#8211;<\/td><td>&#8211;<\/td><\/tr><\/tbody><\/table><\/figure>\n\n\n\n<div style=\"height:38px\" aria-hidden=\"true\" class=\"wp-block-spacer\"><\/div>\n\n\n\n<p class=\"has-verde-escuro-color has-text-color has-link-color has-medium-font-size wp-elements-5f6206e2282b7cab84d1e9ed94a75293\"><strong>Abaixo, a rela\u00e7\u00e3o de T\u00e9cnicos que trabalharam no Departamento de Anatomia<\/strong> <\/p>\n\n\n\n<figure class=\"wp-block-table has-small-font-size\"><table class=\"has-fixed-layout\"><tbody><tr><td><strong>Antonio da Silva<\/strong><\/td><td><strong>Lourdes Favil da Silva<\/strong><\/td><\/tr><tr><td><strong>Aparecida Ferreira da Silva<\/strong><\/td><td><strong>Marcelo Mantovani<\/strong><\/td><\/tr><tr><td><strong>Arlindo Jos\u00e9 de Oliveira<\/strong><\/td><td><strong>Marco Aur\u00e9lio Zambon<\/strong><\/td><\/tr><tr><td><strong>Camila Porto<\/strong><\/td><td><strong>Maria Izabel Campos Carbonieri<\/strong><\/td><\/tr><tr><td><strong>Clarinda de Godoi Costa<\/strong><\/td><td><strong>Maria Jos\u00e9 Campos<\/strong><\/td><\/tr><tr><td><strong>Clecir de F\u00e1tima Haffermann C\u00e9zar<\/strong><\/td><td><strong>Mozart Valeriano de Andrade<\/strong><\/td><\/tr><tr><td><strong>Diva da Silva Pires de Lima<\/strong><\/td><td><strong>Nilce Dutra Costa<\/strong><\/td><\/tr><tr><td><strong>Doraci de Souza Oliveira<\/strong><\/td><td><strong>Osm\u00e1rio Ros\u00e1rio<\/strong><\/td><\/tr><tr><td><strong>Eilton Jos\u00e9 dos Santos<\/strong><\/td><td><strong>Roberto Carlos Cardoso<\/strong><\/td><\/tr><tr><td><strong>Gabriela de Souza Reginato<\/strong><\/td><td><strong>Sady Vessados<\/strong><\/td><\/tr><tr><td><strong>Geralda Divina Nunes<\/strong><\/td><td><strong>Sebastiana Pereira<\/strong><\/td><\/tr><tr><td><strong>Geraldo Carreira P\u00f3lvora<\/strong><\/td><td><strong>Sebasti\u00e3o Francisco Rego<\/strong><\/td><\/tr><tr><td><strong>Jenil de Souza Cruz<\/strong><\/td><td><strong>Sebasti\u00e3o Manoel Neto<\/strong><\/td><\/tr><tr><td><strong>Jo\u00e3o Luiz Salvadego<\/strong><\/td><td><strong>Valk\u00edria Aparecida Almendros de Oliveira Batista<\/strong><\/td><\/tr><tr><td><strong>Jos\u00e9 Carlos Esteves<\/strong><\/td><td><strong>Valter de Freitas Alves<\/strong><\/td><\/tr><tr><td><strong>Jos\u00e9 Israel Faustino<\/strong><\/td><td><strong>Zaneti Corr\u00eaa da Silva<\/strong><\/td><\/tr><\/tbody><\/table><\/figure>\n\n\n\n<p><\/p>\n\n\n\n<p><\/p>\n\n\n\n<p><\/p>\n\n\n\n<p class=\"has-small-font-size\"><\/p>\n\n\n\n<p class=\"has-small-font-size\"><\/p>\n\n\n\n<p class=\"has-small-font-size\"><\/p>\n\n\n\n<p class=\"has-small-font-size\"><\/p>\n\n\n\n<p class=\"has-small-font-size\"><\/p>\n\n\n\n<p class=\"has-small-font-size\"><\/p>\n\n\n\n<p class=\"has-small-font-size\"><\/p>\n\n\n\n<p class=\"has-small-font-size\"><\/p>\n\n\n\n<p class=\"has-small-font-size\"><\/p>\n\n\n\n<p class=\"has-small-font-size\"><\/p>\n\n\n\n<p class=\"has-small-font-size\"><\/p>\n\n\n\n<p class=\"has-small-font-size\"><\/p>\n\n\n\n<p class=\"has-small-font-size\"><\/p>\n\n\n\n<p class=\"has-small-font-size\"><\/p>\n\n\n\n<p class=\"has-small-font-size\"><\/p>\n\n\n\n<p class=\"has-small-font-size\"><\/p>\n\n\n\n<p class=\"has-small-font-size\"><\/p>\n\n\n\n<p class=\"has-small-font-size\"><\/p>\n\n\n\n<p class=\"has-small-font-size\"><\/p>\n\n\n\n<p class=\"has-small-font-size\"><\/p>\n\n\n\n<p class=\"has-small-font-size\"><\/p>\n\n\n\n<p class=\"has-small-font-size\"><\/p>\n\n\n\n<p class=\"has-small-font-size\"><\/p>\n\n\n\n<p class=\"has-small-font-size\"><\/p>\n\n\n\n<p class=\"has-small-font-size\"><\/p>\n\n\n\n<p class=\"has-small-font-size\"><\/p>\n\n\n\n<p class=\"has-small-font-size\"><\/p>\n\n\n\n<p class=\"has-small-font-size\"><\/p>\n\n\n\n<p class=\"has-small-font-size\"><\/p>\n\n\n\n<p class=\"has-small-font-size\"><\/p>\n\n\n\n<p class=\"has-small-font-size\"><\/p>\n\n\n\n<p class=\"has-small-font-size\"><\/p>\n\n\n\n<p><\/p>\n\n\n\n<p><br><br><br><br><br><\/p>\n\n\n\n<p><\/p>\n","protected":false},"excerpt":{"rendered":"<p>Nome e-mail Lattes Agnaldo Nascimento Teixeira agteixeira@uel.br _ Alysson Lincoln Barboza alysson.lincoln@uel.br _ Max Villanders Santos mvillanders@uel.br LINK Rosiley Ferreira Borges &#8211; &#8211; Abaixo, a rela\u00e7\u00e3o de T\u00e9cnicos que trabalharam no Departamento de Anatomia Antonio da Silva Lourdes Favil da Silva Aparecida Ferreira da Silva Marcelo Mantovani Arlindo Jos\u00e9 de Oliveira Marco Aur\u00e9lio Zambon Camila [&hellip;]<\/p>\n","protected":false},"author":9,"featured_media":0,"parent":0,"menu_order":0,"comment_status":"closed","ping_status":"closed","template":"","meta":{"_acf_changed":false,"_themeisle_gutenberg_block_has_review":false,"footnotes":""},"class_list":["post-425","page","type-page","status-publish","hentry"],"acf":[],"_links":{"self":[{"href":"https:\/\/departamentos.uel.br\/anatomia\/wp-json\/wp\/v2\/pages\/425","targetHints":{"allow":["GET"]}}],"collection":[{"href":"https:\/\/departamentos.uel.br\/anatomia\/wp-json\/wp\/v2\/pages"}],"about":[{"href":"https:\/\/departamentos.uel.br\/anatomia\/wp-json\/wp\/v2\/types\/page"}],"author":[{"embeddable":true,"href":"https:\/\/departamentos.uel.br\/anatomia\/wp-json\/wp\/v2\/users\/9"}],"replies":[{"embeddable":true,"href":"https:\/\/departamentos.uel.br\/anatomia\/wp-json\/wp\/v2\/comments?post=425"}],"version-history":[{"count":18,"href":"https:\/\/departamentos.uel.br\/anatomia\/wp-json\/wp\/v2\/pages\/425\/revisions"}],"predecessor-version":[{"id":577,"href":"https:\/\/departamentos.uel.br\/anatomia\/wp-json\/wp\/v2\/pages\/425\/revisions\/577"}],"wp:attachment":[{"href":"https:\/\/departamentos.uel.br\/anatomia\/wp-json\/wp\/v2\/media?parent=425"}],"curies":[{"name":"wp","href":"https:\/\/api.w.org\/{rel}","templated":true}]}}