{"id":396,"date":"2024-03-06T19:28:01","date_gmt":"2024-03-06T22:28:01","guid":{"rendered":"https:\/\/departamentos.uel.br\/anatomia\/?page_id=396"},"modified":"2024-03-07T08:49:03","modified_gmt":"2024-03-07T11:49:03","slug":"laboratorio-de-pesquisa-em-anatomia-animal","status":"publish","type":"page","link":"https:\/\/departamentos.uel.br\/anatomia\/laboratorio-de-pesquisa-em-anatomia-animal\/","title":{"rendered":"Laborat\u00f3rio de Pesquisa em Anatomia Animal"},"content":{"rendered":"\n<p class=\"has-text-align-left\">O Laborat\u00f3rio de Pesquisa em Anatomia Animal \u00e9 dedicado \u00e0 condu\u00e7\u00e3o de estudos que abrangem desde inicia\u00e7\u00f5es cient\u00edficas at\u00e9 projetos de p\u00f3s-gradua\u00e7\u00e3o, incluindo mestrado e doutorado. Este ambiente \u00e9 especialmente projetado para a realiza\u00e7\u00e3o de pesquisas associadas \u00e0 gradua\u00e7\u00e3o, oferecendo um espa\u00e7o prop\u00edcio para o avan\u00e7o do conhecimento na anatomia animal.<\/p>\n","protected":false},"excerpt":{"rendered":"<p>O Laborat\u00f3rio de Pesquisa em Anatomia Animal \u00e9 dedicado \u00e0 condu\u00e7\u00e3o de estudos que abrangem desde inicia\u00e7\u00f5es cient\u00edficas at\u00e9 projetos de p\u00f3s-gradua\u00e7\u00e3o, incluindo mestrado e doutorado. Este ambiente \u00e9 especialmente projetado para a realiza\u00e7\u00e3o de pesquisas associadas \u00e0 gradua\u00e7\u00e3o, oferecendo um espa\u00e7o prop\u00edcio para o avan\u00e7o do conhecimento na anatomia animal.<\/p>\n","protected":false},"author":9,"featured_media":0,"parent":0,"menu_order":0,"comment_status":"closed","ping_status":"closed","template":"","meta":{"_acf_changed":false,"_themeisle_gutenberg_block_has_review":false,"footnotes":""},"class_list":["post-396","page","type-page","status-publish","hentry"],"acf":[],"_links":{"self":[{"href":"https:\/\/departamentos.uel.br\/anatomia\/wp-json\/wp\/v2\/pages\/396","targetHints":{"allow":["GET"]}}],"collection":[{"href":"https:\/\/departamentos.uel.br\/anatomia\/wp-json\/wp\/v2\/pages"}],"about":[{"href":"https:\/\/departamentos.uel.br\/anatomia\/wp-json\/wp\/v2\/types\/page"}],"author":[{"embeddable":true,"href":"https:\/\/departamentos.uel.br\/anatomia\/wp-json\/wp\/v2\/users\/9"}],"replies":[{"embeddable":true,"href":"https:\/\/departamentos.uel.br\/anatomia\/wp-json\/wp\/v2\/comments?post=396"}],"version-history":[{"count":1,"href":"https:\/\/departamentos.uel.br\/anatomia\/wp-json\/wp\/v2\/pages\/396\/revisions"}],"predecessor-version":[{"id":397,"href":"https:\/\/departamentos.uel.br\/anatomia\/wp-json\/wp\/v2\/pages\/396\/revisions\/397"}],"wp:attachment":[{"href":"https:\/\/departamentos.uel.br\/anatomia\/wp-json\/wp\/v2\/media?parent=396"}],"curies":[{"name":"wp","href":"https:\/\/api.w.org\/{rel}","templated":true}]}}