{"id":354,"date":"2024-03-01T16:22:01","date_gmt":"2024-03-01T19:22:01","guid":{"rendered":"https:\/\/departamentos.uel.br\/anatomia\/?page_id=354"},"modified":"2024-10-17T15:22:38","modified_gmt":"2024-10-17T18:22:38","slug":"doacao-de-corpos","status":"publish","type":"page","link":"https:\/\/departamentos.uel.br\/anatomia\/doacao-de-corpos\/","title":{"rendered":"Doa\u00e7\u00e3o de Corpos"},"content":{"rendered":"\n<p>Para saber quais os procedimentos e tr\u00e2mites ligados ao \u00f3rg\u00e3o respons\u00e1vel, clique no link do <strong><a href=\"https:\/\/www.seti.pr.gov.br\/conselhos\/cedc\">Conselho Estadual de Distribui\u00e7\u00e3o de Cad\u00e1veres do Paran\u00e1 &#8211; CEDDC\/PR<\/a><\/strong>.<\/p>\n\n\n\n<p>A legisla\u00e7\u00e3o que trata do tema doa\u00e7\u00e3o de corpos pode ser consultada na&nbsp;<a href=\"http:\/\/www.planalto.gov.br\/ccivil_03\/Leis\/L8501.htm\" target=\"_blank\" rel=\"noreferrer noopener\">Lei N. 8.501\/1992<\/a>, que disp\u00f5e sobre a utiliza\u00e7\u00e3o de cad\u00e1ver n\u00e3o reclamado, para fins de estudos ou pesquisas cient\u00edfica e d\u00e1 outras provid\u00eancias, e<a href=\"https:\/\/www.legislacao.pr.gov.br\/legislacao\/listarAtosAno.do?action=exibir&amp;codAto=1181&amp;indice=6&amp;anoSpan=2010&amp;anoSelecionado=2007&amp;isPaginado=true\" target=\"_blank\" rel=\"noreferrer noopener\">&nbsp;Lei 15.471\/2007<\/a>, que autorizou o Poder Executivo a instituir o Conselho Estadual de Distribui\u00e7\u00e3o de Cad\u00e1veres no Estado do Paran\u00e1.<\/p>\n\n\n\n<p>Representante atual (2024-) do CEEDC\/PR da UEL: <a href=\"rodrigosella@uel.br\" data-type=\"link\" data-id=\"rodrigosella@uel.br\">Rodrigo C. Sella <\/a> <\/p>\n\n\n\n<p><\/p>\n\n\n\n<p>Segue abaixo os procedimentos para<strong>&nbsp;doa\u00e7\u00e3o de corpos em vida e p\u00f3s-morte<\/strong>.<\/p>\n\n\n\n<p><strong>*OBS:<\/strong>&nbsp;o documento deve conter as assinaturas reconhecidas em cart\u00f3rio.<strong><a href=\"http:\/\/www.seti.pr.gov.br\/sites\/default\/arquivos_restritos\/files\/documento\/2019-07\/modelodetermointencaodoacaocorpo.pdf\">&nbsp;<\/a><\/strong><\/p>\n\n\n\n<div data-wp-interactive=\"core\/file\" class=\"wp-block-file\"><object data-wp-bind--hidden=\"!state.hasPdfPreview\" hidden class=\"wp-block-file__embed\" data=\"https:\/\/departamentos.uel.br\/anatomia\/wp-content\/uploads\/2024\/03\/modelodetermointencaodoacaocorpo.pdf\" type=\"application\/pdf\" style=\"width:100%;height:600px\" aria-label=\"Incorporado de modelodetermointencaodoacaocorpo.\"><\/object><a id=\"wp-block-file--media-24192d72-ad8f-45f3-9449-29867dc1438f\" href=\"https:\/\/departamentos.uel.br\/anatomia\/wp-content\/uploads\/2024\/03\/modelodetermointencaodoacaocorpo.pdf\">modelodetermointencaodoacaocorpo<\/a><a href=\"https:\/\/departamentos.uel.br\/anatomia\/wp-content\/uploads\/2024\/03\/modelodetermointencaodoacaocorpo.pdf\" class=\"wp-block-file__button wp-element-button\" download aria-describedby=\"wp-block-file--media-24192d72-ad8f-45f3-9449-29867dc1438f\">Baixar<\/a><\/div>\n","protected":false},"excerpt":{"rendered":"<p>Para saber quais os procedimentos e tr\u00e2mites ligados ao \u00f3rg\u00e3o respons\u00e1vel, clique no link do Conselho Estadual de Distribui\u00e7\u00e3o de Cad\u00e1veres do Paran\u00e1 &#8211; CEDDC\/PR. A legisla\u00e7\u00e3o que trata do tema doa\u00e7\u00e3o de corpos pode ser consultada na&nbsp;Lei N. 8.501\/1992, que disp\u00f5e sobre a utiliza\u00e7\u00e3o de cad\u00e1ver n\u00e3o reclamado, para fins de estudos ou pesquisas [&hellip;]<\/p>\n","protected":false},"author":6,"featured_media":0,"parent":0,"menu_order":0,"comment_status":"closed","ping_status":"closed","template":"","meta":{"_acf_changed":false,"_themeisle_gutenberg_block_has_review":false,"footnotes":""},"class_list":["post-354","page","type-page","status-publish","hentry"],"acf":[],"_links":{"self":[{"href":"https:\/\/departamentos.uel.br\/anatomia\/wp-json\/wp\/v2\/pages\/354","targetHints":{"allow":["GET"]}}],"collection":[{"href":"https:\/\/departamentos.uel.br\/anatomia\/wp-json\/wp\/v2\/pages"}],"about":[{"href":"https:\/\/departamentos.uel.br\/anatomia\/wp-json\/wp\/v2\/types\/page"}],"author":[{"embeddable":true,"href":"https:\/\/departamentos.uel.br\/anatomia\/wp-json\/wp\/v2\/users\/6"}],"replies":[{"embeddable":true,"href":"https:\/\/departamentos.uel.br\/anatomia\/wp-json\/wp\/v2\/comments?post=354"}],"version-history":[{"count":9,"href":"https:\/\/departamentos.uel.br\/anatomia\/wp-json\/wp\/v2\/pages\/354\/revisions"}],"predecessor-version":[{"id":489,"href":"https:\/\/departamentos.uel.br\/anatomia\/wp-json\/wp\/v2\/pages\/354\/revisions\/489"}],"wp:attachment":[{"href":"https:\/\/departamentos.uel.br\/anatomia\/wp-json\/wp\/v2\/media?parent=354"}],"curies":[{"name":"wp","href":"https:\/\/api.w.org\/{rel}","templated":true}]}}