{"id":336,"date":"2024-03-01T15:40:17","date_gmt":"2024-03-01T18:40:17","guid":{"rendered":"https:\/\/departamentos.uel.br\/anatomia\/?page_id=336"},"modified":"2024-03-07T10:11:23","modified_gmt":"2024-03-07T13:11:23","slug":"de-aula-pratica","status":"publish","type":"page","link":"https:\/\/departamentos.uel.br\/anatomia\/de-aula-pratica\/","title":{"rendered":"Aulas Pr\u00e1ticas"},"content":{"rendered":"\n<p>Alguns laborat\u00f3rios s\u00e3o utilizados para aulas espec\u00edficas, logo abaixo, voc\u00ea pode conferir quais s\u00e3o:<\/p>\n\n\n\n<div id=\"wp-block-themeisle-blocks-accordion-3d431360\" class=\"wp-block-themeisle-blocks-accordion exclusive\">\n<details class=\"wp-block-themeisle-blocks-accordion-item\"><summary class=\"wp-block-themeisle-blocks-accordion-item__title\"><div><strong>Laborat\u00f3rio 235<\/strong><\/div><\/summary><div class=\"wp-block-themeisle-blocks-accordion-item__content\">\n<p>Atende principalmente aos cursos de Biomedicina, Farm\u00e1cia, Enfermagem, Nutri\u00e7\u00e3o e Fisioterapia.<\/p>\n<\/div><\/details>\n\n\n\n<details class=\"wp-block-themeisle-blocks-accordion-item\"><summary class=\"wp-block-themeisle-blocks-accordion-item__title\"><div><strong>Laborat\u00f3rio 236<\/strong><\/div><\/summary><div class=\"wp-block-themeisle-blocks-accordion-item__content\">\n<p>Atende principalmente o curso de Medicina e os cursos de P\u00f3s-gradua\u00e7\u00e3o.<\/p>\n<\/div><\/details>\n<\/div>\n\n\n\n<div id=\"wp-block-themeisle-blocks-accordion-4e7eba6a\" class=\"wp-block-themeisle-blocks-accordion exclusive\">\n<details class=\"wp-block-themeisle-blocks-accordion-item\"><summary class=\"wp-block-themeisle-blocks-accordion-item__title\"><div><strong>Laborat\u00f3rio 237<\/strong><\/div><\/summary><div class=\"wp-block-themeisle-blocks-accordion-item__content\">\n<p>Atende principalmente aos cursos de Educa\u00e7\u00e3o F\u00edsica, Fisioterapia, Biomedicina e Biologia (bacharelado e licenciatura).<\/p>\n<\/div><\/details>\n\n\n\n<details class=\"wp-block-themeisle-blocks-accordion-item\"><summary class=\"wp-block-themeisle-blocks-accordion-item__title\"><div><strong>Laborat\u00f3rio 238<\/strong><\/div><\/summary><div class=\"wp-block-themeisle-blocks-accordion-item__content\">\n<p>Atende aos cursos de Medicina Veterin\u00e1ria e Zootecnia. As disciplinas ministradas incluem Anatomia Veterin\u00e1ria, Anatomia Topogr\u00e1fica Veterin\u00e1ria e Anatomia Animal. <\/p>\n<\/div><\/details>\n<\/div>\n\n\n\n<div id=\"wp-block-themeisle-blocks-accordion-f961c9dc\" class=\"wp-block-themeisle-blocks-accordion exclusive\">\n<details class=\"wp-block-themeisle-blocks-accordion-item\"><summary class=\"wp-block-themeisle-blocks-accordion-item__title\"><div><strong>Laborat\u00f3rio 244<\/strong><\/div><\/summary><div class=\"wp-block-themeisle-blocks-accordion-item__content\">\n<p>Atende o curso de Odontologia<\/p>\n<\/div><\/details>\n\n\n\n<details class=\"wp-block-themeisle-blocks-accordion-item\"><summary class=\"wp-block-themeisle-blocks-accordion-item__title\"><div><strong>Laborat\u00f3rio de Extens\u00e3o Jos\u00e9 Carlos Esteves<\/strong><\/div><\/summary><div class=\"wp-block-themeisle-blocks-accordion-item__content\">\n<p>Este laborat\u00f3rio \u00e9 de uso comum para atividades de dissec\u00e7\u00e3o, bem como para o desenvolvimento de atividades de extens\u00e3o.<\/p>\n<\/div><\/details>\n<\/div>\n\n\n\n<p><strong>Observa\u00e7\u00e3o<\/strong>: <\/p>\n\n\n\n<p>O <strong>Curso de Psicologia<\/strong> n\u00e3o possui atividades pr\u00e1ticas, apenas te\u00f3ricas, n\u00e3o utiliza nenhum laborat\u00f3rio. <\/p>\n","protected":false},"excerpt":{"rendered":"<p>Alguns laborat\u00f3rios s\u00e3o utilizados para aulas espec\u00edficas, logo abaixo, voc\u00ea pode conferir quais s\u00e3o: Observa\u00e7\u00e3o: O Curso de Psicologia n\u00e3o possui atividades pr\u00e1ticas, apenas te\u00f3ricas, n\u00e3o utiliza nenhum laborat\u00f3rio.<\/p>\n","protected":false},"author":6,"featured_media":0,"parent":0,"menu_order":0,"comment_status":"closed","ping_status":"closed","template":"","meta":{"_acf_changed":false,"_themeisle_gutenberg_block_has_review":false,"footnotes":""},"class_list":["post-336","page","type-page","status-publish","hentry"],"acf":[],"_links":{"self":[{"href":"https:\/\/departamentos.uel.br\/anatomia\/wp-json\/wp\/v2\/pages\/336","targetHints":{"allow":["GET"]}}],"collection":[{"href":"https:\/\/departamentos.uel.br\/anatomia\/wp-json\/wp\/v2\/pages"}],"about":[{"href":"https:\/\/departamentos.uel.br\/anatomia\/wp-json\/wp\/v2\/types\/page"}],"author":[{"embeddable":true,"href":"https:\/\/departamentos.uel.br\/anatomia\/wp-json\/wp\/v2\/users\/6"}],"replies":[{"embeddable":true,"href":"https:\/\/departamentos.uel.br\/anatomia\/wp-json\/wp\/v2\/comments?post=336"}],"version-history":[{"count":10,"href":"https:\/\/departamentos.uel.br\/anatomia\/wp-json\/wp\/v2\/pages\/336\/revisions"}],"predecessor-version":[{"id":433,"href":"https:\/\/departamentos.uel.br\/anatomia\/wp-json\/wp\/v2\/pages\/336\/revisions\/433"}],"wp:attachment":[{"href":"https:\/\/departamentos.uel.br\/anatomia\/wp-json\/wp\/v2\/media?parent=336"}],"curies":[{"name":"wp","href":"https:\/\/api.w.org\/{rel}","templated":true}]}}