{"id":21,"date":"2024-01-29T11:20:02","date_gmt":"2024-01-29T14:20:02","guid":{"rendered":"https:\/\/departamentos.uel.br\/anatomia\/?page_id=21"},"modified":"2024-12-05T16:47:47","modified_gmt":"2024-12-05T19:47:47","slug":"corpo-docente","status":"publish","type":"page","link":"https:\/\/departamentos.uel.br\/anatomia\/corpo-docente\/","title":{"rendered":"Corpo Docente"},"content":{"rendered":"\n<p class=\"has-verde-escuro-color has-text-color has-link-color has-medium-font-size wp-elements-340292727f609c807256afd883d94779\"><strong>Abaixo, a rela\u00e7\u00e3o de Docentes que trabalharam no Departamento de Anatomia<\/strong><\/p>\n\n\n\n<figure class=\"wp-block-table has-small-font-size\"><table class=\"has-fixed-layout\"><tbody><tr><td><strong>\u00c1lvaro Augusto Domingues da Silva<\/strong><\/td><td><strong>Ludovico Brancalh\u00e3o<\/strong><\/td><\/tr><tr><td><strong>Angela Regina Blefari<\/strong><\/td><td><strong>Luiz Karimata<\/strong><\/td><\/tr><tr><td><strong>Antonio Celso Busnardo<\/strong><\/td><td><strong>Magid Haddad<\/strong><\/td><\/tr><tr><td><strong>Antonio Zappal\u00e1<\/strong><\/td><td><strong>Manoel Maria Valle Calland<\/strong><\/td><\/tr><tr><td><strong>Benedito Ledo Grizzo<\/strong><\/td><td><strong>Marcelo Morgueti<\/strong><\/td><\/tr><tr><td><strong>Camila Pereira<\/strong><\/td><td><strong>Marcelo Pires Prestes<\/strong><\/td><\/tr><tr><td><strong>Carlos Augusto Marques da Costa Branco<\/strong><\/td><td><strong>Marcus Vin\u00edcius Turino Ferreira<\/strong><\/td><\/tr><tr><td><strong>Carlos Jun Igue<\/strong><\/td><td><strong>Maria Aparecida Vivan de Carvalho<\/strong><\/td><\/tr><tr><td><strong>Carlos Vinicius Dalto da Rosa&nbsp;<\/strong><\/td><td><strong>Maria de Lourdes Ferreira<\/strong><\/td><\/tr><tr><td><strong>Eduardo Vignoto Fernandes<\/strong><\/td><td><strong>Marilinda Vieira dos Santos Costa<\/strong><\/td><\/tr><tr><td><strong>Eduardo R. da Veiga Neto<\/strong><\/td><td><strong>M\u00e1ximo Gonzalez Donoso<\/strong><\/td><\/tr><tr><td><strong>Elias Antonio Campanelli<\/strong><\/td><td><strong>M\u00f4nica Vicky Bahr Arias<\/strong><\/td><\/tr><tr><td><strong>Edson Scolin<\/strong><\/td><td><strong>Nelson Bueno<\/strong><\/td><\/tr><tr><td><strong>Gessy Thim\u00f3teo Leit\u00e3o<\/strong><\/td><td><strong>Odila Santiago Eug\u00eanio<\/strong><\/td><\/tr><tr><td><strong>Herm\u00ednio Gusso<\/strong><\/td><td><strong>Orly Eni da Silva<\/strong><\/td><\/tr><tr><td><strong>Isaac de Lima<\/strong><\/td><td><strong>Paulo Roberto Romanelli<\/strong><\/td><\/tr><tr><td><strong>Janete Weizel Amaral<\/strong><\/td><td><strong>Roger Burgo de Souza<\/strong><\/td><\/tr><tr><td><strong>Janir Messias Gonzalez<\/strong><\/td><td><strong>Sebasti\u00e3o Pimenta Filho<\/strong><\/td><\/tr><tr><td><strong>Jos\u00e9 Carlos de Araujo<\/strong><\/td><td><strong>Vera L\u00facia de Oliveira<\/strong><\/td><\/tr><tr><td><strong>Juarez C\u00e9zar Borges de Aquino<\/strong><\/td><td><strong>Vilma S. Babboni<\/strong><\/td><\/tr><tr><td><strong>Lauro de Castro Beltr\u00e3o<\/strong><\/td><td><strong>Wilson Rainho Teixeira<\/strong><\/td><\/tr><\/tbody><\/table><\/figure>\n\n\n\n<div class=\"wp-block-columns is-layout-flex wp-container-core-columns-is-layout-9d6595d7 wp-block-columns-is-layout-flex\">\n<div class=\"wp-block-column is-layout-flow wp-block-column-is-layout-flow\"><\/div>\n<\/div>\n\n\n\n<div class=\"wp-block-columns is-layout-flex wp-container-core-columns-is-layout-9d6595d7 wp-block-columns-is-layout-flex\">\n<div class=\"wp-block-column is-layout-flow wp-block-column-is-layout-flow\"><\/div>\n<\/div>\n\n\n\n<div class=\"wp-block-columns is-layout-flex wp-container-core-columns-is-layout-9d6595d7 wp-block-columns-is-layout-flex\">\n<div class=\"wp-block-column is-layout-flow wp-block-column-is-layout-flow\"><\/div>\n<\/div>\n\n\n\n<p class=\"has-verde-escuro-color has-text-color has-link-color has-medium-font-size wp-elements-c3bd8cd34c0ec308c4cf47a66585a98f\"><strong>Abaixo a rela\u00e7\u00e3o dos professores na ATIVA, por \u00c1REA DE ATUA\u00c7\u00c3O:<\/strong><\/p>\n\n\n\n<p class=\"has-small-font-size\"><\/p>\n\n\n\n<p class=\"has-small-font-size\"><\/p>\n\n\n\n<p class=\"has-small-font-size\"><\/p>\n\n\n\n<p class=\"has-small-font-size\"><\/p>\n\n\n\n<p class=\"has-small-font-size\"><\/p>\n\n\n\n<p class=\"has-small-font-size\"><\/p>\n\n\n\n<p class=\"has-small-font-size\"><\/p>\n\n\n\n<p class=\"has-small-font-size\"><\/p>\n\n\n\n<p class=\"has-small-font-size\"><\/p>\n\n\n\n<p class=\"has-small-font-size\"><\/p>\n\n\n\n<p class=\"has-small-font-size\"><\/p>\n\n\n\n<p class=\"has-small-font-size\"><\/p>\n\n\n\n<p class=\"has-small-font-size\"><\/p>\n\n\n\n<p class=\"has-small-font-size\"><\/p>\n\n\n\n<p class=\"has-small-font-size\"><\/p>\n\n\n\n<p class=\"has-small-font-size\"><\/p>\n\n\n\n<p><br><br><br><br><br><\/p>\n","protected":false},"excerpt":{"rendered":"<p>Abaixo, a rela\u00e7\u00e3o de Docentes que trabalharam no Departamento de Anatomia \u00c1lvaro Augusto Domingues da Silva Ludovico Brancalh\u00e3o Angela Regina Blefari Luiz Karimata Antonio Celso Busnardo Magid Haddad Antonio Zappal\u00e1 Manoel Maria Valle Calland Benedito Ledo Grizzo Marcelo Morgueti Camila Pereira Marcelo Pires Prestes Carlos Augusto Marques da Costa Branco Marcus Vin\u00edcius Turino Ferreira Carlos [&hellip;]<\/p>\n","protected":false},"author":6,"featured_media":0,"parent":0,"menu_order":0,"comment_status":"closed","ping_status":"closed","template":"page-templates\/template-docentes.php","meta":{"_acf_changed":false,"_themeisle_gutenberg_block_has_review":false,"footnotes":""},"class_list":["post-21","page","type-page","status-publish","hentry"],"acf":[],"_links":{"self":[{"href":"https:\/\/departamentos.uel.br\/anatomia\/wp-json\/wp\/v2\/pages\/21","targetHints":{"allow":["GET"]}}],"collection":[{"href":"https:\/\/departamentos.uel.br\/anatomia\/wp-json\/wp\/v2\/pages"}],"about":[{"href":"https:\/\/departamentos.uel.br\/anatomia\/wp-json\/wp\/v2\/types\/page"}],"author":[{"embeddable":true,"href":"https:\/\/departamentos.uel.br\/anatomia\/wp-json\/wp\/v2\/users\/6"}],"replies":[{"embeddable":true,"href":"https:\/\/departamentos.uel.br\/anatomia\/wp-json\/wp\/v2\/comments?post=21"}],"version-history":[{"count":45,"href":"https:\/\/departamentos.uel.br\/anatomia\/wp-json\/wp\/v2\/pages\/21\/revisions"}],"predecessor-version":[{"id":529,"href":"https:\/\/departamentos.uel.br\/anatomia\/wp-json\/wp\/v2\/pages\/21\/revisions\/529"}],"wp:attachment":[{"href":"https:\/\/departamentos.uel.br\/anatomia\/wp-json\/wp\/v2\/media?parent=21"}],"curies":[{"name":"wp","href":"https:\/\/api.w.org\/{rel}","templated":true}]}}