{"id":17,"date":"2024-01-29T11:19:04","date_gmt":"2024-01-29T14:19:04","guid":{"rendered":"https:\/\/departamentos.uel.br\/anatomia\/?page_id=17"},"modified":"2024-03-08T17:46:54","modified_gmt":"2024-03-08T20:46:54","slug":"sobre-o-departamento","status":"publish","type":"page","link":"https:\/\/departamentos.uel.br\/anatomia\/sobre-o-departamento\/","title":{"rendered":"Sobre o Departamento"},"content":{"rendered":"\n<p>O Departamento de Anatomia da Universidade Estadual de Londrina, desempenha um papel de extrema import\u00e2ncia, no atendimento a uma ampla gama de demandas educacionais e de servi\u00e7os. Atualmente,  o Departamento presta suporte a mais de doze cursos de gradua\u00e7\u00e3o, cursos de resid\u00eancia, especializa\u00e7\u00e3o, mestrado e doutorado. Al\u00e9m disso \u00e9 respons\u00e1vel pela gest\u00e3o do <a href=\"https:\/\/sites.uel.br\/museuanatomia\/\" target=\"_blank\" rel=\"noreferrer noopener\">Museu de Anatomia,<\/a> que serve \u00e0 comunidade de Londrina e sua mesorregi\u00e3o.<\/p>\n\n\n\n<p>O Departamento de Anatomia <strong>n\u00e3o realiza visitas<\/strong> aos tanques (ou laborat\u00f3rios) de cad\u00e1veres para o p\u00fablico em geral como escolas, col\u00e9gios, faculdades, dentre outras. Apenas a visita\u00e7\u00e3o ao <a href=\"https:\/\/sites.uel.br\/museuanatomia\/\" target=\"_blank\" rel=\"noreferrer noopener\">Museu de Anatomia<\/a>, com agendamento pelo site do mesmo.    <\/p>\n\n\n\n<p>O Departamento de Anatomia <strong>n\u00e3o possui secretaria<\/strong> pr\u00f3pria, n\u00e3o realizando atendimento presencial e\/ou telef\u00f4nico. Para demais informa\u00e7\u00f5es, que n\u00e3o estiverem neste site, encaminhar um e-mail para <a href=\"mailto:anatomia@uel.br\" target=\"_blank\" rel=\"noreferrer noopener\">anatomia@uel.br<\/a> ou para <a href=\"mailto:museuanatomia@uel.br\" target=\"_blank\" rel=\"noreferrer noopener\">museuanatomia@uel.br<\/a> sobre assuntos exclusivos do <a href=\"https:\/\/sites.uel.br\/museuanatomia\/\">Museu de Anatomia<\/a>.   <\/p>\n\n\n\n<p>Agradecemos a compreens\u00e3o.<\/p>\n","protected":false},"excerpt":{"rendered":"<p>O Departamento de Anatomia da Universidade Estadual de Londrina, desempenha um papel de extrema import\u00e2ncia, no atendimento a uma ampla gama de demandas educacionais e de servi\u00e7os. Atualmente, o Departamento presta suporte a mais de doze cursos de gradua\u00e7\u00e3o, cursos de resid\u00eancia, especializa\u00e7\u00e3o, mestrado e doutorado. Al\u00e9m disso \u00e9 respons\u00e1vel pela gest\u00e3o do Museu de [&hellip;]<\/p>\n","protected":false},"author":6,"featured_media":0,"parent":0,"menu_order":0,"comment_status":"closed","ping_status":"closed","template":"","meta":{"_acf_changed":false,"_themeisle_gutenberg_block_has_review":false,"footnotes":""},"class_list":["post-17","page","type-page","status-publish","hentry"],"acf":[],"_links":{"self":[{"href":"https:\/\/departamentos.uel.br\/anatomia\/wp-json\/wp\/v2\/pages\/17","targetHints":{"allow":["GET"]}}],"collection":[{"href":"https:\/\/departamentos.uel.br\/anatomia\/wp-json\/wp\/v2\/pages"}],"about":[{"href":"https:\/\/departamentos.uel.br\/anatomia\/wp-json\/wp\/v2\/types\/page"}],"author":[{"embeddable":true,"href":"https:\/\/departamentos.uel.br\/anatomia\/wp-json\/wp\/v2\/users\/6"}],"replies":[{"embeddable":true,"href":"https:\/\/departamentos.uel.br\/anatomia\/wp-json\/wp\/v2\/comments?post=17"}],"version-history":[{"count":3,"href":"https:\/\/departamentos.uel.br\/anatomia\/wp-json\/wp\/v2\/pages\/17\/revisions"}],"predecessor-version":[{"id":465,"href":"https:\/\/departamentos.uel.br\/anatomia\/wp-json\/wp\/v2\/pages\/17\/revisions\/465"}],"wp:attachment":[{"href":"https:\/\/departamentos.uel.br\/anatomia\/wp-json\/wp\/v2\/media?parent=17"}],"curies":[{"name":"wp","href":"https:\/\/api.w.org\/{rel}","templated":true}]}}