{"id":138,"date":"2024-02-19T15:29:21","date_gmt":"2024-02-19T18:29:21","guid":{"rendered":"https:\/\/departamentos.uel.br\/anatomia\/?page_id=138"},"modified":"2026-03-05T16:24:31","modified_gmt":"2026-03-05T19:24:31","slug":"mestrado","status":"publish","type":"page","link":"https:\/\/departamentos.uel.br\/anatomia\/mestrado\/","title":{"rendered":"Mestrado"},"content":{"rendered":"\n<ul class=\"wp-block-list\">\n<li>Mestrado Acad\u00eamico em <strong><a href=\"http:\/\/www.uel.br\/pos\/meel\/\">Engenharia El\u00e9trica<\/a><\/strong>: com a mat\u00e9ria de Engenharia Neural (2MOR044).<\/li>\n\n\n\n<li><a href=\"http:\/\/www.uel.br\/pos\/mestradoclinicasveterinarias\/\"><strong>Mestrado Profissional em Cl\u00ednicas Veterin\u00e1rias<\/strong><\/a>: com a mat\u00e9ria de Manejo e Principais A\u00e7\u00f5es Realizadas com Animais Selvagens do Recebimento \u00e0 Soltura.<\/li>\n<\/ul>\n\n\n\n<h2 class=\"wp-block-heading\"><\/h2>\n","protected":false},"excerpt":{"rendered":"","protected":false},"author":6,"featured_media":0,"parent":0,"menu_order":0,"comment_status":"closed","ping_status":"closed","template":"","meta":{"_acf_changed":false,"_themeisle_gutenberg_block_has_review":false,"footnotes":""},"class_list":["post-138","page","type-page","status-publish","hentry"],"acf":[],"_links":{"self":[{"href":"https:\/\/departamentos.uel.br\/anatomia\/wp-json\/wp\/v2\/pages\/138","targetHints":{"allow":["GET"]}}],"collection":[{"href":"https:\/\/departamentos.uel.br\/anatomia\/wp-json\/wp\/v2\/pages"}],"about":[{"href":"https:\/\/departamentos.uel.br\/anatomia\/wp-json\/wp\/v2\/types\/page"}],"author":[{"embeddable":true,"href":"https:\/\/departamentos.uel.br\/anatomia\/wp-json\/wp\/v2\/users\/6"}],"replies":[{"embeddable":true,"href":"https:\/\/departamentos.uel.br\/anatomia\/wp-json\/wp\/v2\/comments?post=138"}],"version-history":[{"count":11,"href":"https:\/\/departamentos.uel.br\/anatomia\/wp-json\/wp\/v2\/pages\/138\/revisions"}],"predecessor-version":[{"id":580,"href":"https:\/\/departamentos.uel.br\/anatomia\/wp-json\/wp\/v2\/pages\/138\/revisions\/580"}],"wp:attachment":[{"href":"https:\/\/departamentos.uel.br\/anatomia\/wp-json\/wp\/v2\/media?parent=138"}],"curies":[{"name":"wp","href":"https:\/\/api.w.org\/{rel}","templated":true}]}}