{"id":181,"date":"2024-10-28T11:22:07","date_gmt":"2024-10-28T14:22:07","guid":{"rendered":"https:\/\/departamentos.uel.br\/agronomia\/?page_id=181"},"modified":"2024-10-28T11:28:11","modified_gmt":"2024-10-28T14:28:11","slug":"sobre-o-departamento","status":"publish","type":"page","link":"https:\/\/departamentos.uel.br\/agronomia\/sobre-o-departamento\/","title":{"rendered":"Sobre o Departamento"},"content":{"rendered":"\n<p>O Departamento de Agronomia foi criado em 1981 ap\u00f3s a implanta\u00e7\u00e3o do Curso de&nbsp;Gradua\u00e7\u00e3o em&nbsp;Agronomia pela Universidade&nbsp;Estadual de Londrina, PR. Pertencente ao&nbsp;<a href=\"http:\/\/www.uel.br\/cca\/\">Centro de Ci\u00eancias Agr\u00e1rias<\/a>&nbsp;da Universidade, o Departamento \u00e9 voltado ao ensino&nbsp;de disciplinas profissionalizantes&nbsp;do Curso de&nbsp;Gradua\u00e7\u00e3o&nbsp;em Agronomia, cujo objetivo \u00e9 formar profissionais capacitados para o estudo, planejamento e desenvolvimento de tecnologias ligadas \u00e0 agricultura.&nbsp;Com um corpo docente de&nbsp;trinta e cinco&nbsp;Docentes Doutores,&nbsp;o Departamento \u00e9 respons\u00e1vel por aproximadamente metade das disciplinas&nbsp;do&nbsp;Curso de Gradua\u00e7\u00e3o em Agronomia, sendo as demais ofertadas por outros Departamentos da Universidade.&nbsp;Associado ao Departamento encontra-se o&nbsp;<a href=\"http:\/\/www.uel.br\/pos\/pgagro\/\">Programa de P\u00f3s-Gradua\u00e7\u00e3o em Agronomia<\/a>, que oferece os Cursos de Mestrado e Doutorado nas \u00c1reas de Concentra\u00e7\u00e3o em Fitotecnia, Fitossanidade, Manejo Sustent\u00e1vel do Solo e Engenharia Rural.<\/p>\n\n\n\n<div class=\"wp-block-columns is-layout-flex wp-container-core-columns-is-layout-9d6595d7 wp-block-columns-is-layout-flex\">\n<div class=\"wp-block-column is-layout-flow wp-block-column-is-layout-flow\">\n<figure class=\"wp-block-image size-large\"><img loading=\"lazy\" decoding=\"async\" width=\"1024\" height=\"768\" src=\"https:\/\/departamentos.uel.br\/agronomia\/wp-content\/uploads\/2023\/10\/Imagem-do-WhatsApp-de-2023-10-30-as-16.12.37_d8a8269c-1-1024x768.jpg\" alt=\"\" class=\"wp-image-138\" srcset=\"https:\/\/departamentos.uel.br\/agronomia\/wp-content\/uploads\/2023\/10\/Imagem-do-WhatsApp-de-2023-10-30-as-16.12.37_d8a8269c-1-1024x768.jpg 1024w, https:\/\/departamentos.uel.br\/agronomia\/wp-content\/uploads\/2023\/10\/Imagem-do-WhatsApp-de-2023-10-30-as-16.12.37_d8a8269c-1-300x225.jpg 300w, https:\/\/departamentos.uel.br\/agronomia\/wp-content\/uploads\/2023\/10\/Imagem-do-WhatsApp-de-2023-10-30-as-16.12.37_d8a8269c-1-768x576.jpg 768w, https:\/\/departamentos.uel.br\/agronomia\/wp-content\/uploads\/2023\/10\/Imagem-do-WhatsApp-de-2023-10-30-as-16.12.37_d8a8269c-1-1536x1152.jpg 1536w, https:\/\/departamentos.uel.br\/agronomia\/wp-content\/uploads\/2023\/10\/Imagem-do-WhatsApp-de-2023-10-30-as-16.12.37_d8a8269c-1-rotated.jpg 1600w\" sizes=\"auto, (max-width: 1024px) 100vw, 1024px\" \/><\/figure>\n<\/div>\n\n\n\n<div class=\"wp-block-column is-layout-flow wp-block-column-is-layout-flow\">\n<figure class=\"wp-block-image size-large\"><img loading=\"lazy\" decoding=\"async\" width=\"1024\" height=\"768\" src=\"https:\/\/departamentos.uel.br\/agronomia\/wp-content\/uploads\/2023\/10\/Imagem-do-WhatsApp-de-2023-10-30-as-16.12.37_f61ccf61-1-1024x768.jpg\" alt=\"\" class=\"wp-image-139\" srcset=\"https:\/\/departamentos.uel.br\/agronomia\/wp-content\/uploads\/2023\/10\/Imagem-do-WhatsApp-de-2023-10-30-as-16.12.37_f61ccf61-1-1024x768.jpg 1024w, https:\/\/departamentos.uel.br\/agronomia\/wp-content\/uploads\/2023\/10\/Imagem-do-WhatsApp-de-2023-10-30-as-16.12.37_f61ccf61-1-300x225.jpg 300w, https:\/\/departamentos.uel.br\/agronomia\/wp-content\/uploads\/2023\/10\/Imagem-do-WhatsApp-de-2023-10-30-as-16.12.37_f61ccf61-1-768x576.jpg 768w, https:\/\/departamentos.uel.br\/agronomia\/wp-content\/uploads\/2023\/10\/Imagem-do-WhatsApp-de-2023-10-30-as-16.12.37_f61ccf61-1-1536x1152.jpg 1536w, https:\/\/departamentos.uel.br\/agronomia\/wp-content\/uploads\/2023\/10\/Imagem-do-WhatsApp-de-2023-10-30-as-16.12.37_f61ccf61-1-rotated.jpg 1600w\" sizes=\"auto, (max-width: 1024px) 100vw, 1024px\" \/><\/figure>\n<\/div>\n\n\n\n<div class=\"wp-block-column is-layout-flow wp-block-column-is-layout-flow\">\n<figure class=\"wp-block-image size-large\"><img loading=\"lazy\" decoding=\"async\" width=\"1024\" height=\"768\" src=\"https:\/\/departamentos.uel.br\/agronomia\/wp-content\/uploads\/2023\/10\/Imagem-do-WhatsApp-de-2023-10-30-as-16.12.35_abf5bf92-1-1024x768.jpg\" alt=\"\" class=\"wp-image-134\" srcset=\"https:\/\/departamentos.uel.br\/agronomia\/wp-content\/uploads\/2023\/10\/Imagem-do-WhatsApp-de-2023-10-30-as-16.12.35_abf5bf92-1-1024x768.jpg 1024w, https:\/\/departamentos.uel.br\/agronomia\/wp-content\/uploads\/2023\/10\/Imagem-do-WhatsApp-de-2023-10-30-as-16.12.35_abf5bf92-1-300x225.jpg 300w, https:\/\/departamentos.uel.br\/agronomia\/wp-content\/uploads\/2023\/10\/Imagem-do-WhatsApp-de-2023-10-30-as-16.12.35_abf5bf92-1-768x576.jpg 768w, https:\/\/departamentos.uel.br\/agronomia\/wp-content\/uploads\/2023\/10\/Imagem-do-WhatsApp-de-2023-10-30-as-16.12.35_abf5bf92-1-1536x1152.jpg 1536w, https:\/\/departamentos.uel.br\/agronomia\/wp-content\/uploads\/2023\/10\/Imagem-do-WhatsApp-de-2023-10-30-as-16.12.35_abf5bf92-1-rotated.jpg 1600w\" sizes=\"auto, (max-width: 1024px) 100vw, 1024px\" \/><\/figure>\n<\/div>\n<\/div>\n\n\n\n<p><\/p>\n","protected":false},"excerpt":{"rendered":"<p>O Departamento de Agronomia foi criado em 1981 ap\u00f3s a implanta\u00e7\u00e3o do Curso de&nbsp;Gradua\u00e7\u00e3o em&nbsp;Agronomia pela Universidade&nbsp;Estadual de Londrina, PR. Pertencente ao&nbsp;Centro de Ci\u00eancias Agr\u00e1rias&nbsp;da Universidade, o Departamento \u00e9 voltado ao ensino&nbsp;de disciplinas profissionalizantes&nbsp;do Curso de&nbsp;Gradua\u00e7\u00e3o&nbsp;em Agronomia, cujo objetivo \u00e9 formar profissionais capacitados para o estudo, planejamento e desenvolvimento de tecnologias ligadas \u00e0 agricultura.&nbsp;Com um [&hellip;]<\/p>\n","protected":false},"author":8,"featured_media":0,"parent":0,"menu_order":0,"comment_status":"closed","ping_status":"closed","template":"","meta":{"_acf_changed":false,"_themeisle_gutenberg_block_has_review":false,"footnotes":""},"class_list":["post-181","page","type-page","status-publish","hentry"],"acf":[],"_links":{"self":[{"href":"https:\/\/departamentos.uel.br\/agronomia\/wp-json\/wp\/v2\/pages\/181","targetHints":{"allow":["GET"]}}],"collection":[{"href":"https:\/\/departamentos.uel.br\/agronomia\/wp-json\/wp\/v2\/pages"}],"about":[{"href":"https:\/\/departamentos.uel.br\/agronomia\/wp-json\/wp\/v2\/types\/page"}],"author":[{"embeddable":true,"href":"https:\/\/departamentos.uel.br\/agronomia\/wp-json\/wp\/v2\/users\/8"}],"replies":[{"embeddable":true,"href":"https:\/\/departamentos.uel.br\/agronomia\/wp-json\/wp\/v2\/comments?post=181"}],"version-history":[{"count":4,"href":"https:\/\/departamentos.uel.br\/agronomia\/wp-json\/wp\/v2\/pages\/181\/revisions"}],"predecessor-version":[{"id":187,"href":"https:\/\/departamentos.uel.br\/agronomia\/wp-json\/wp\/v2\/pages\/181\/revisions\/187"}],"wp:attachment":[{"href":"https:\/\/departamentos.uel.br\/agronomia\/wp-json\/wp\/v2\/media?parent=181"}],"curies":[{"name":"wp","href":"https:\/\/api.w.org\/{rel}","templated":true}]}}