{"id":36,"date":"2024-10-23T15:33:14","date_gmt":"2024-10-23T18:33:14","guid":{"rendered":"https:\/\/departamentos.uel.br\/administracao\/?page_id=36"},"modified":"2024-10-23T15:43:19","modified_gmt":"2024-10-23T18:43:19","slug":"sobre-o-departamento","status":"publish","type":"page","link":"https:\/\/departamentos.uel.br\/administracao\/sobre-o-departamento\/","title":{"rendered":"Sobre o Departamento"},"content":{"rendered":"\n<p>Nosso departamento \u00e9 dedicado \u00e0 forma\u00e7\u00e3o de profissionais capacitados e l\u00edderes de destaque no mundo dos neg\u00f3cios, com uma s\u00f3lida base te\u00f3rica e pr\u00e1tica em gest\u00e3o, economia, e lideran\u00e7a organizacional.<\/p>\n\n\n\n<p>Com um corpo docente altamente qualificado, composto por professores com experi\u00eancia acad\u00eamica e de mercado, oferecemos uma grade curricular atualizada e alinhada \u00e0s demandas do mercado. <\/p>\n\n\n\n<p>Nosso compromisso \u00e9 proporcionar aos alunos uma educa\u00e7\u00e3o de excel\u00eancia, preparando-os para enfrentar os desafios de um ambiente corporativo em constante transforma\u00e7\u00e3o.<\/p>\n\n\n\n<p>Aqui, os estudantes t\u00eam a oportunidade de desenvolver compet\u00eancias t\u00e9cnicas e comportamentais fundamentais para uma carreira de sucesso. Nossos programas incluem atividades pr\u00e1ticas, como est\u00e1gios, projetos de consultoria empresarial, al\u00e9m de workshops e palestras com profissionais renomados.<\/p>\n\n\n\n<p>O Departamento de Administra\u00e7\u00e3o tamb\u00e9m incentiva a pesquisa acad\u00eamica, oferecendo suporte a projetos que contribuem para o avan\u00e7o do conhecimento na \u00e1rea de gest\u00e3o, al\u00e9m de manter parcerias com empresas e institui\u00e7\u00f5es que permitem aos nossos alunos aplicar seus conhecimentos em situa\u00e7\u00f5es reais.<\/p>\n\n\n\n<p>Seja qual for a sua ambi\u00e7\u00e3o \u2013 liderar equipes, empreender ou atuar em grandes corpora\u00e7\u00f5es \u2013 o nosso departamento est\u00e1 preparado para gui\u00e1-lo na jornada de forma\u00e7\u00e3o de um profissional completo, \u00e9tico e preparado para os desafios globais.<\/p>\n","protected":false},"excerpt":{"rendered":"<p>Nosso departamento \u00e9 dedicado \u00e0 forma\u00e7\u00e3o de profissionais capacitados e l\u00edderes de destaque no mundo dos neg\u00f3cios, com uma s\u00f3lida base te\u00f3rica e pr\u00e1tica em gest\u00e3o, economia, e lideran\u00e7a organizacional. Com um corpo docente altamente qualificado, composto por professores com experi\u00eancia acad\u00eamica e de mercado, oferecemos uma grade curricular atualizada e alinhada \u00e0s demandas do [&hellip;]<\/p>\n","protected":false},"author":6,"featured_media":0,"parent":0,"menu_order":0,"comment_status":"closed","ping_status":"closed","template":"","meta":{"_acf_changed":false,"_themeisle_gutenberg_block_has_review":false,"footnotes":""},"class_list":["post-36","page","type-page","status-publish","hentry"],"acf":[],"_links":{"self":[{"href":"https:\/\/departamentos.uel.br\/administracao\/wp-json\/wp\/v2\/pages\/36","targetHints":{"allow":["GET"]}}],"collection":[{"href":"https:\/\/departamentos.uel.br\/administracao\/wp-json\/wp\/v2\/pages"}],"about":[{"href":"https:\/\/departamentos.uel.br\/administracao\/wp-json\/wp\/v2\/types\/page"}],"author":[{"embeddable":true,"href":"https:\/\/departamentos.uel.br\/administracao\/wp-json\/wp\/v2\/users\/6"}],"replies":[{"embeddable":true,"href":"https:\/\/departamentos.uel.br\/administracao\/wp-json\/wp\/v2\/comments?post=36"}],"version-history":[{"count":2,"href":"https:\/\/departamentos.uel.br\/administracao\/wp-json\/wp\/v2\/pages\/36\/revisions"}],"predecessor-version":[{"id":54,"href":"https:\/\/departamentos.uel.br\/administracao\/wp-json\/wp\/v2\/pages\/36\/revisions\/54"}],"wp:attachment":[{"href":"https:\/\/departamentos.uel.br\/administracao\/wp-json\/wp\/v2\/media?parent=36"}],"curies":[{"name":"wp","href":"https:\/\/api.w.org\/{rel}","templated":true}]}}