{"id":34,"date":"2024-10-23T15:32:44","date_gmt":"2024-10-23T18:32:44","guid":{"rendered":"https:\/\/departamentos.uel.br\/administracao\/?page_id=34"},"modified":"2024-10-24T09:50:46","modified_gmt":"2024-10-24T12:50:46","slug":"eventos","status":"publish","type":"page","link":"https:\/\/departamentos.uel.br\/administracao\/eventos\/","title":{"rendered":"Eventos"},"content":{"rendered":"\n<p class=\"has-medium-font-size\"><strong>2024<\/strong><\/p>\n\n\n\n<div id=\"wp-block-themeisle-blocks-accordion-4938dd61\" class=\"wp-block-themeisle-blocks-accordion exclusive\">\n<details class=\"wp-block-themeisle-blocks-accordion-item\"><summary class=\"wp-block-themeisle-blocks-accordion-item__title\"><div><strong>SEMANA DE ADMINISTRA\u00c7\u00c3O E SEMANA AEX &#8211; ATIVIDADE DE EXTENS\u00c3O<\/strong> <br><strong>Per\u00edodo de Realiza\u00e7\u00e3o: <\/strong>01\/10\/2024 A 04\/10\/2024<br>Para informa\u00e7\u00f5es e inscri\u00e7\u00f5es, clique em <strong><a href=\"https:\/\/semanaadmuel.my.canva.site\/site-de-comunica-o-interna-an-ncio-de-evento-da-equipe-blocos-coloridos-azul-e-branco\">saiba mais<\/a><\/strong>.<\/div><\/summary><div class=\"wp-block-themeisle-blocks-accordion-item__content\"><div class=\"wp-block-image\">\n<figure class=\"aligncenter size-full\"><img loading=\"lazy\" decoding=\"async\" width=\"665\" height=\"296\" src=\"https:\/\/departamentos.uel.br\/administracao\/wp-content\/uploads\/2024\/10\/semana.png\" alt=\"\" class=\"wp-image-98\" srcset=\"https:\/\/departamentos.uel.br\/administracao\/wp-content\/uploads\/2024\/10\/semana.png 665w, https:\/\/departamentos.uel.br\/administracao\/wp-content\/uploads\/2024\/10\/semana-300x134.png 300w\" sizes=\"auto, (max-width: 665px) 100vw, 665px\" \/><\/figure>\n<\/div><\/div><\/details>\n<\/div>\n","protected":false},"excerpt":{"rendered":"<p>2024<\/p>\n","protected":false},"author":6,"featured_media":0,"parent":0,"menu_order":0,"comment_status":"closed","ping_status":"closed","template":"","meta":{"_acf_changed":false,"_themeisle_gutenberg_block_has_review":false,"footnotes":""},"class_list":["post-34","page","type-page","status-publish","hentry"],"acf":[],"_links":{"self":[{"href":"https:\/\/departamentos.uel.br\/administracao\/wp-json\/wp\/v2\/pages\/34","targetHints":{"allow":["GET"]}}],"collection":[{"href":"https:\/\/departamentos.uel.br\/administracao\/wp-json\/wp\/v2\/pages"}],"about":[{"href":"https:\/\/departamentos.uel.br\/administracao\/wp-json\/wp\/v2\/types\/page"}],"author":[{"embeddable":true,"href":"https:\/\/departamentos.uel.br\/administracao\/wp-json\/wp\/v2\/users\/6"}],"replies":[{"embeddable":true,"href":"https:\/\/departamentos.uel.br\/administracao\/wp-json\/wp\/v2\/comments?post=34"}],"version-history":[{"count":3,"href":"https:\/\/departamentos.uel.br\/administracao\/wp-json\/wp\/v2\/pages\/34\/revisions"}],"predecessor-version":[{"id":102,"href":"https:\/\/departamentos.uel.br\/administracao\/wp-json\/wp\/v2\/pages\/34\/revisions\/102"}],"wp:attachment":[{"href":"https:\/\/departamentos.uel.br\/administracao\/wp-json\/wp\/v2\/media?parent=34"}],"curies":[{"name":"wp","href":"https:\/\/api.w.org\/{rel}","templated":true}]}}